{"id":40,"date":"2021-05-17T12:35:07","date_gmt":"2021-05-17T10:35:07","guid":{"rendered":"https:\/\/helenecaruso.fr\/?page_id=40"},"modified":"2021-07-31T10:04:39","modified_gmt":"2021-07-31T08:04:39","slug":"chroniques","status":"publish","type":"page","link":"https:\/\/helenecaruso.fr\/index.php\/chroniques\/","title":{"rendered":"Chroniques old"},"content":{"rendered":"\t\t<div data-elementor-type=\"wp-page\" data-elementor-id=\"40\" class=\"elementor elementor-40\">\n\t\t\t\t\t\t<section class=\"elementor-section elementor-top-section elementor-element elementor-element-4145bd4 elementor-section-boxed elementor-section-height-default elementor-section-height-default\" data-id=\"4145bd4\" data-element_type=\"section\" data-e-type=\"section\">\n\t\t\t\t\t\t<div class=\"elementor-container elementor-column-gap-default\">\n\t\t\t\t\t<div class=\"elementor-column elementor-col-100 elementor-top-column elementor-element elementor-element-4840fa2\" data-id=\"4840fa2\" data-element_type=\"column\" data-e-type=\"column\">\n\t\t\t<div class=\"elementor-widget-wrap elementor-element-populated\">\n\t\t\t\t\t\t<div class=\"elementor-element elementor-element-9d23db7 elementor-widget elementor-widget-spacer\" data-id=\"9d23db7\" data-element_type=\"widget\" data-e-type=\"widget\" data-widget_type=\"spacer.default\">\n\t\t\t\t<div class=\"elementor-widget-container\">\n\t\t\t\t\t\t\t<div class=\"elementor-spacer\">\n\t\t\t<div class=\"elementor-spacer-inner\"><\/div>\n\t\t<\/div>\n\t\t\t\t\t\t<\/div>\n\t\t\t\t<\/div>\n\t\t\t\t<div class=\"elementor-element elementor-element-cf6b696 elementor-widget elementor-widget-image\" data-id=\"cf6b696\" data-element_type=\"widget\" data-e-type=\"widget\" data-widget_type=\"image.default\">\n\t\t\t\t<div class=\"elementor-widget-container\">\n\t\t\t\t\t\t\t\t\t\t\t\t\t\t\t<img fetchpriority=\"high\" decoding=\"async\" width=\"300\" height=\"300\" src=\"https:\/\/i0.wp.com\/helenecaruso.fr\/wp-content\/uploads\/2021\/05\/Helene-et-les-bouquins.jpg?fit=300%2C300&amp;ssl=1\" class=\"attachment-medium size-medium wp-image-304\" alt=\"\" srcset=\"https:\/\/i0.wp.com\/helenecaruso.fr\/wp-content\/uploads\/2021\/05\/Helene-et-les-bouquins.jpg?w=588&amp;ssl=1 588w, https:\/\/i0.wp.com\/helenecaruso.fr\/wp-content\/uploads\/2021\/05\/Helene-et-les-bouquins.jpg?resize=300%2C300&amp;ssl=1 300w, https:\/\/i0.wp.com\/helenecaruso.fr\/wp-content\/uploads\/2021\/05\/Helene-et-les-bouquins.jpg?resize=100%2C100&amp;ssl=1 100w, https:\/\/i0.wp.com\/helenecaruso.fr\/wp-content\/uploads\/2021\/05\/Helene-et-les-bouquins.jpg?resize=150%2C150&amp;ssl=1 150w\" sizes=\"(max-width: 300px) 100vw, 300px\" \/>\t\t\t\t\t\t\t\t\t\t\t\t\t\t\t<\/div>\n\t\t\t\t<\/div>\n\t\t\t\t\t<\/div>\n\t\t<\/div>\n\t\t\t\t\t<\/div>\n\t\t<\/section>\n\t\t\t\t<section class=\"elementor-section elementor-top-section elementor-element elementor-element-e58af7c elementor-section-boxed elementor-section-height-default elementor-section-height-default\" data-id=\"e58af7c\" data-element_type=\"section\" data-e-type=\"section\">\n\t\t\t\t\t\t<div class=\"elementor-container elementor-column-gap-default\">\n\t\t\t\t\t<div class=\"elementor-column elementor-col-100 elementor-top-column elementor-element elementor-element-f7029b8\" data-id=\"f7029b8\" data-element_type=\"column\" data-e-type=\"column\">\n\t\t\t<div class=\"elementor-widget-wrap elementor-element-populated\">\n\t\t\t\t\t\t<div class=\"elementor-element elementor-element-9217630 elementor-widget elementor-widget-text-editor\" data-id=\"9217630\" data-element_type=\"widget\" data-e-type=\"widget\" data-widget_type=\"text-editor.default\">\n\t\t\t\t<div class=\"elementor-widget-container\">\n\t\t\t\t\t\t\t\t\t<p class=\"x_p1\"><span class=\"x_s1\"><i>Comme si \u00eatre une d\u00e9esse grecque (Quoi ? Si !) une m\u00e8re de famille (cool et djeun\u2019s), une auteure \u00e0 succ\u00e8s (bient\u00f4t, qui sais\u2026) et une business woman ne suffisait pas, je suis \u00e9galement chroniqueuse pour divers maisons d\u2019\u00e9dition (Juno Publishing, Editions du 38, Mix Editions, Hartwick Publishing, Humbird &amp; Curlew, Grey Eagle Publishing, entre autre) mais \u00e9galement pour des auteurs ind\u00e9pendants (Aria Grace, RJ Scott, Carrie Ann Ryan, Amelia Wilson et bien d\u2019autres).<\/i><\/span><\/p><p class=\"x_p1\"><span class=\"x_s1\"><i>Lectrice assidue, r\u00e9dactrice de choc, je rends des chroniques argument\u00e9es, honn\u00eates et justes.\u00a0<\/i><\/span><\/p><p class=\"x_p1\"><span class=\"x_s1\"><i>N\u2019h\u00e9sitez pas \u00e0 me contacter par mail si vous souhaitez que je mette en avant vos romans.\u00a0<\/i><\/span><\/p>\t\t\t\t\t\t\t\t<\/div>\n\t\t\t\t<\/div>\n\t\t\t\t\t<\/div>\n\t\t<\/div>\n\t\t\t\t\t<\/div>\n\t\t<\/section>\n\t\t\t\t<section class=\"elementor-section elementor-top-section elementor-element elementor-element-69ca002 elementor-section-full_width elementor-section-content-middle elementor-section-stretched elementor-section-height-default elementor-section-height-default\" data-id=\"69ca002\" data-element_type=\"section\" data-e-type=\"section\" data-settings=\"{&quot;stretch_section&quot;:&quot;section-stretched&quot;}\">\n\t\t\t\t\t\t<div class=\"elementor-container elementor-column-gap-default\">\n\t\t\t\t\t<div class=\"elementor-column elementor-col-16 elementor-top-column elementor-element elementor-element-28d856d\" data-id=\"28d856d\" data-element_type=\"column\" data-e-type=\"column\">\n\t\t\t<div class=\"elementor-widget-wrap elementor-element-populated\">\n\t\t\t\t\t\t<div class=\"elementor-element elementor-element-634a546 elementor-align-center elementor-widget elementor-widget-button\" data-id=\"634a546\" data-element_type=\"widget\" data-e-type=\"widget\" data-widget_type=\"button.default\">\n\t\t\t\t<div class=\"elementor-widget-container\">\n\t\t\t\t\t\t\t\t\t<div class=\"elementor-button-wrapper\">\n\t\t\t\t\t<a class=\"elementor-button elementor-button-link elementor-size-sm\" href=\"https:\/\/m.facebook.com\/Helenebouquins\/\" target=\"_blank\">\n\t\t\t\t\t\t<span class=\"elementor-button-content-wrapper\">\n\t\t\t\t\t\t\t\t\t<span class=\"elementor-button-text\">Facebook<\/span>\n\t\t\t\t\t<\/span>\n\t\t\t\t\t<\/a>\n\t\t\t\t<\/div>\n\t\t\t\t\t\t\t\t<\/div>\n\t\t\t\t<\/div>\n\t\t\t\t\t<\/div>\n\t\t<\/div>\n\t\t\t\t<div class=\"elementor-column elementor-col-16 elementor-top-column elementor-element elementor-element-b9610a6\" data-id=\"b9610a6\" data-element_type=\"column\" data-e-type=\"column\">\n\t\t\t<div class=\"elementor-widget-wrap elementor-element-populated\">\n\t\t\t\t\t\t<div class=\"elementor-element elementor-element-3b43b25 elementor-align-center elementor-widget elementor-widget-button\" data-id=\"3b43b25\" data-element_type=\"widget\" data-e-type=\"widget\" data-widget_type=\"button.default\">\n\t\t\t\t<div class=\"elementor-widget-container\">\n\t\t\t\t\t\t\t\t\t<div class=\"elementor-button-wrapper\">\n\t\t\t\t\t<a class=\"elementor-button elementor-button-link elementor-size-sm\" href=\"https:\/\/Instagram.com\/helene_et_les_bouquins\" target=\"_blank\">\n\t\t\t\t\t\t<span class=\"elementor-button-content-wrapper\">\n\t\t\t\t\t\t\t\t\t<span class=\"elementor-button-text\">Instagram<\/span>\n\t\t\t\t\t<\/span>\n\t\t\t\t\t<\/a>\n\t\t\t\t<\/div>\n\t\t\t\t\t\t\t\t<\/div>\n\t\t\t\t<\/div>\n\t\t\t\t\t<\/div>\n\t\t<\/div>\n\t\t\t\t<div class=\"elementor-column elementor-col-16 elementor-top-column elementor-element elementor-element-b4f2f30\" data-id=\"b4f2f30\" data-element_type=\"column\" data-e-type=\"column\">\n\t\t\t<div class=\"elementor-widget-wrap elementor-element-populated\">\n\t\t\t\t\t\t<div class=\"elementor-element elementor-element-c99253a elementor-align-center elementor-widget elementor-widget-button\" data-id=\"c99253a\" data-element_type=\"widget\" data-e-type=\"widget\" data-widget_type=\"button.default\">\n\t\t\t\t<div class=\"elementor-widget-container\">\n\t\t\t\t\t\t\t\t\t<div class=\"elementor-button-wrapper\">\n\t\t\t\t\t<a class=\"elementor-button elementor-button-link elementor-size-sm\" href=\"https:\/\/www.babelio.com\/monprofil.php?id_user=562353\" target=\"_blank\">\n\t\t\t\t\t\t<span class=\"elementor-button-content-wrapper\">\n\t\t\t\t\t\t\t\t\t<span class=\"elementor-button-text\">Babelio<\/span>\n\t\t\t\t\t<\/span>\n\t\t\t\t\t<\/a>\n\t\t\t\t<\/div>\n\t\t\t\t\t\t\t\t<\/div>\n\t\t\t\t<\/div>\n\t\t\t\t\t<\/div>\n\t\t<\/div>\n\t\t\t\t<div class=\"elementor-column elementor-col-16 elementor-top-column elementor-element elementor-element-2e4b95b\" data-id=\"2e4b95b\" data-element_type=\"column\" data-e-type=\"column\">\n\t\t\t<div class=\"elementor-widget-wrap elementor-element-populated\">\n\t\t\t\t\t\t<div class=\"elementor-element elementor-element-3c3e1bc elementor-align-center elementor-widget elementor-widget-button\" data-id=\"3c3e1bc\" data-element_type=\"widget\" data-e-type=\"widget\" data-widget_type=\"button.default\">\n\t\t\t\t<div class=\"elementor-widget-container\">\n\t\t\t\t\t\t\t\t\t<div class=\"elementor-button-wrapper\">\n\t\t\t\t\t<a class=\"elementor-button elementor-button-link elementor-size-sm\" href=\"https:\/\/booknode.com\/helene-66_22174505\" target=\"_blank\">\n\t\t\t\t\t\t<span class=\"elementor-button-content-wrapper\">\n\t\t\t\t\t\t\t\t\t<span class=\"elementor-button-text\">Booknode<\/span>\n\t\t\t\t\t<\/span>\n\t\t\t\t\t<\/a>\n\t\t\t\t<\/div>\n\t\t\t\t\t\t\t\t<\/div>\n\t\t\t\t<\/div>\n\t\t\t\t\t<\/div>\n\t\t<\/div>\n\t\t\t\t<div class=\"elementor-column elementor-col-16 elementor-top-column elementor-element elementor-element-fcea414\" data-id=\"fcea414\" data-element_type=\"column\" data-e-type=\"column\">\n\t\t\t<div class=\"elementor-widget-wrap elementor-element-populated\">\n\t\t\t\t\t\t<div class=\"elementor-element elementor-element-40a63c5 elementor-align-center elementor-widget elementor-widget-button\" data-id=\"40a63c5\" data-element_type=\"widget\" data-e-type=\"widget\" data-widget_type=\"button.default\">\n\t\t\t\t<div class=\"elementor-widget-container\">\n\t\t\t\t\t\t\t\t\t<div class=\"elementor-button-wrapper\">\n\t\t\t\t\t<a class=\"elementor-button elementor-button-link elementor-size-sm\" href=\"https:\/\/simplement.pro\/u\/HeleneCaruso\" target=\"_blank\">\n\t\t\t\t\t\t<span class=\"elementor-button-content-wrapper\">\n\t\t\t\t\t\t\t\t\t<span class=\"elementor-button-text\">Simplement pro<\/span>\n\t\t\t\t\t<\/span>\n\t\t\t\t\t<\/a>\n\t\t\t\t<\/div>\n\t\t\t\t\t\t\t\t<\/div>\n\t\t\t\t<\/div>\n\t\t\t\t\t<\/div>\n\t\t<\/div>\n\t\t\t\t<div class=\"elementor-column elementor-col-16 elementor-top-column elementor-element elementor-element-ed25ec6\" data-id=\"ed25ec6\" data-element_type=\"column\" data-e-type=\"column\">\n\t\t\t<div class=\"elementor-widget-wrap elementor-element-populated\">\n\t\t\t\t\t\t<div class=\"elementor-element elementor-element-3993a99 elementor-align-center elementor-widget elementor-widget-button\" data-id=\"3993a99\" data-element_type=\"widget\" data-e-type=\"widget\" data-widget_type=\"button.default\">\n\t\t\t\t<div class=\"elementor-widget-container\">\n\t\t\t\t\t\t\t\t\t<div class=\"elementor-button-wrapper\">\n\t\t\t\t\t<a class=\"elementor-button elementor-button-link elementor-size-sm\" href=\"https:\/\/vm.tiktok.com\/ZMeGSGEH9\/\" target=\"_blank\">\n\t\t\t\t\t\t<span class=\"elementor-button-content-wrapper\">\n\t\t\t\t\t\t\t\t\t<span class=\"elementor-button-text\">TikTok<\/span>\n\t\t\t\t\t<\/span>\n\t\t\t\t\t<\/a>\n\t\t\t\t<\/div>\n\t\t\t\t\t\t\t\t<\/div>\n\t\t\t\t<\/div>\n\t\t\t\t\t<\/div>\n\t\t<\/div>\n\t\t\t\t\t<\/div>\n\t\t<\/section>\n\t\t\t\t<\/div>\n\t\t","protected":false},"excerpt":{"rendered":"<p>Comme si \u00eatre une d\u00e9esse grecque (Quoi ? Si !) une m\u00e8re de famille (cool et djeun\u2019s), une auteure \u00e0 succ\u00e8s (bient\u00f4t, qui sais\u2026) et une business woman ne suffisait pas, je suis \u00e9galement chroniqueuse pour divers maisons d\u2019\u00e9dition (Juno Publishing, Editions du 38, Mix Editions, Hartwick Publishing, Humbird &amp; Curlew, Grey Eagle Publishing, entre [&hellip;]<\/p>\n","protected":false},"author":1,"featured_media":0,"parent":0,"menu_order":0,"comment_status":"closed","ping_status":"closed","template":"","meta":{"ocean_post_layout":"full-screen","ocean_both_sidebars_style":"","ocean_both_sidebars_content_width":0,"ocean_both_sidebars_sidebars_width":0,"ocean_sidebar":"0","ocean_second_sidebar":"0","ocean_disable_margins":"enable","ocean_add_body_class":"","ocean_shortcode_before_top_bar":"","ocean_shortcode_after_top_bar":"","ocean_shortcode_before_header":"","ocean_shortcode_after_header":"","ocean_has_shortcode":"","ocean_shortcode_after_title":"","ocean_shortcode_before_footer_widgets":"","ocean_shortcode_after_footer_widgets":"","ocean_shortcode_before_footer_bottom":"","ocean_shortcode_after_footer_bottom":"","ocean_display_top_bar":"default","ocean_display_header":"default","ocean_header_style":"","ocean_center_header_left_menu":"0","ocean_custom_header_template":"0","ocean_custom_logo":0,"ocean_custom_retina_logo":0,"ocean_custom_logo_max_width":0,"ocean_custom_logo_tablet_max_width":0,"ocean_custom_logo_mobile_max_width":0,"ocean_custom_logo_max_height":0,"ocean_custom_logo_tablet_max_height":0,"ocean_custom_logo_mobile_max_height":0,"ocean_header_custom_menu":"0","ocean_menu_typo_font_family":"0","ocean_menu_typo_font_subset":"","ocean_menu_typo_font_size":0,"ocean_menu_typo_font_size_tablet":0,"ocean_menu_typo_font_size_mobile":0,"ocean_menu_typo_font_size_unit":"px","ocean_menu_typo_font_weight":"","ocean_menu_typo_font_weight_tablet":"","ocean_menu_typo_font_weight_mobile":"","ocean_menu_typo_transform":"","ocean_menu_typo_transform_tablet":"","ocean_menu_typo_transform_mobile":"","ocean_menu_typo_line_height":0,"ocean_menu_typo_line_height_tablet":0,"ocean_menu_typo_line_height_mobile":0,"ocean_menu_typo_line_height_unit":"","ocean_menu_typo_spacing":0,"ocean_menu_typo_spacing_tablet":0,"ocean_menu_typo_spacing_mobile":0,"ocean_menu_typo_spacing_unit":"","ocean_menu_link_color":"","ocean_menu_link_color_hover":"","ocean_menu_link_color_active":"","ocean_menu_link_background":"","ocean_menu_link_hover_background":"","ocean_menu_link_active_background":"","ocean_menu_social_links_bg":"","ocean_menu_social_hover_links_bg":"","ocean_menu_social_links_color":"","ocean_menu_social_hover_links_color":"","ocean_disable_title":"on","ocean_disable_heading":"default","ocean_post_title":"","ocean_post_subheading":"","ocean_post_title_style":"","ocean_post_title_background_color":"","ocean_post_title_background":0,"ocean_post_title_bg_image_position":"","ocean_post_title_bg_image_attachment":"","ocean_post_title_bg_image_repeat":"","ocean_post_title_bg_image_size":"","ocean_post_title_height":0,"ocean_post_title_bg_overlay":0.5,"ocean_post_title_bg_overlay_color":"","ocean_disable_breadcrumbs":"default","ocean_breadcrumbs_color":"","ocean_breadcrumbs_separator_color":"","ocean_breadcrumbs_links_color":"","ocean_breadcrumbs_links_hover_color":"","ocean_display_footer_widgets":"off","ocean_display_footer_bottom":"off","ocean_custom_footer_template":"0","footnotes":""},"class_list":["post-40","page","type-page","status-publish","hentry","entry","owp-thumbs-layout-horizontal","owp-btn-normal","owp-tabs-layout-horizontal","has-no-thumbnails","has-product-nav","circle-sale"],"yoast_head":"<!-- This site is optimized with the Yoast SEO plugin v25.6 - https:\/\/yoast.com\/wordpress\/plugins\/seo\/ -->\n<title>Chroniques old - Helene CARUSO Auteure<\/title>\n<meta name=\"robots\" content=\"index, follow, max-snippet:-1, max-image-preview:large, max-video-preview:-1\" \/>\n<link rel=\"canonical\" href=\"https:\/\/helenecaruso.fr\/index.php\/chroniques\/\" \/>\n<meta property=\"og:locale\" content=\"fr_FR\" \/>\n<meta property=\"og:type\" content=\"article\" \/>\n<meta property=\"og:title\" content=\"Chroniques old - Helene CARUSO Auteure\" \/>\n<meta property=\"og:description\" content=\"Comme si \u00eatre une d\u00e9esse grecque (Quoi ? Si !) une m\u00e8re de famille (cool et djeun\u2019s), une auteure \u00e0 succ\u00e8s (bient\u00f4t, qui sais\u2026) et une business woman ne suffisait pas, je suis \u00e9galement chroniqueuse pour divers maisons d\u2019\u00e9dition (Juno Publishing, Editions du 38, Mix Editions, Hartwick Publishing, Humbird &amp; Curlew, Grey Eagle Publishing, entre [&hellip;]\" \/>\n<meta property=\"og:url\" content=\"https:\/\/helenecaruso.fr\/index.php\/chroniques\/\" \/>\n<meta property=\"og:site_name\" content=\"Helene CARUSO Auteure\" \/>\n<meta property=\"article:publisher\" content=\"https:\/\/www.facebook.com\/HeleneCarusoAuteur\/\" \/>\n<meta property=\"article:modified_time\" content=\"2021-07-31T08:04:39+00:00\" \/>\n<meta property=\"og:image\" content=\"https:\/\/helenecaruso.fr\/wp-content\/uploads\/2021\/05\/Helene-et-les-bouquins-300x300.jpg\" \/>\n<meta name=\"twitter:card\" content=\"summary_large_image\" \/>\n<meta name=\"twitter:label1\" content=\"Dur\u00e9e de lecture estim\u00e9e\" \/>\n\t<meta name=\"twitter:data1\" content=\"1 minute\" \/>\n<script type=\"application\/ld+json\" class=\"yoast-schema-graph\">{\"@context\":\"https:\/\/schema.org\",\"@graph\":[{\"@type\":\"WebPage\",\"@id\":\"https:\/\/helenecaruso.fr\/index.php\/chroniques\/\",\"url\":\"https:\/\/helenecaruso.fr\/index.php\/chroniques\/\",\"name\":\"Chroniques old - Helene CARUSO Auteure\",\"isPartOf\":{\"@id\":\"https:\/\/helenecaruso.fr\/#website\"},\"primaryImageOfPage\":{\"@id\":\"https:\/\/helenecaruso.fr\/index.php\/chroniques\/#primaryimage\"},\"image\":{\"@id\":\"https:\/\/helenecaruso.fr\/index.php\/chroniques\/#primaryimage\"},\"thumbnailUrl\":\"https:\/\/helenecaruso.fr\/wp-content\/uploads\/2021\/05\/Helene-et-les-bouquins-300x300.jpg\",\"datePublished\":\"2021-05-17T10:35:07+00:00\",\"dateModified\":\"2021-07-31T08:04:39+00:00\",\"breadcrumb\":{\"@id\":\"https:\/\/helenecaruso.fr\/index.php\/chroniques\/#breadcrumb\"},\"inLanguage\":\"fr-FR\",\"potentialAction\":[{\"@type\":\"ReadAction\",\"target\":[\"https:\/\/helenecaruso.fr\/index.php\/chroniques\/\"]}]},{\"@type\":\"ImageObject\",\"inLanguage\":\"fr-FR\",\"@id\":\"https:\/\/helenecaruso.fr\/index.php\/chroniques\/#primaryimage\",\"url\":\"https:\/\/i0.wp.com\/helenecaruso.fr\/wp-content\/uploads\/2021\/05\/Helene-et-les-bouquins.jpg?fit=588%2C588&ssl=1\",\"contentUrl\":\"https:\/\/i0.wp.com\/helenecaruso.fr\/wp-content\/uploads\/2021\/05\/Helene-et-les-bouquins.jpg?fit=588%2C588&ssl=1\",\"width\":588,\"height\":588},{\"@type\":\"BreadcrumbList\",\"@id\":\"https:\/\/helenecaruso.fr\/index.php\/chroniques\/#breadcrumb\",\"itemListElement\":[{\"@type\":\"ListItem\",\"position\":1,\"name\":\"Home\",\"item\":\"https:\/\/helenecaruso.fr\/\"},{\"@type\":\"ListItem\",\"position\":2,\"name\":\"Chroniques old\"}]},{\"@type\":\"WebSite\",\"@id\":\"https:\/\/helenecaruso.fr\/#website\",\"url\":\"https:\/\/helenecaruso.fr\/\",\"name\":\"Helene CARUSO Auteure\",\"description\":\"Helene CARUSO Auteure\",\"publisher\":{\"@id\":\"https:\/\/helenecaruso.fr\/#organization\"},\"potentialAction\":[{\"@type\":\"SearchAction\",\"target\":{\"@type\":\"EntryPoint\",\"urlTemplate\":\"https:\/\/helenecaruso.fr\/?s={search_term_string}\"},\"query-input\":{\"@type\":\"PropertyValueSpecification\",\"valueRequired\":true,\"valueName\":\"search_term_string\"}}],\"inLanguage\":\"fr-FR\"},{\"@type\":\"Organization\",\"@id\":\"https:\/\/helenecaruso.fr\/#organization\",\"name\":\"Helene Caruso Company\",\"url\":\"https:\/\/helenecaruso.fr\/\",\"logo\":{\"@type\":\"ImageObject\",\"inLanguage\":\"fr-FR\",\"@id\":\"https:\/\/helenecaruso.fr\/#\/schema\/logo\/image\/\",\"url\":\"https:\/\/helenecaruso.fr\/wp-content\/uploads\/2021\/05\/logo-rond.png\",\"contentUrl\":\"https:\/\/helenecaruso.fr\/wp-content\/uploads\/2021\/05\/logo-rond.png\",\"width\":1903,\"height\":1875,\"caption\":\"Helene Caruso Company\"},\"image\":{\"@id\":\"https:\/\/helenecaruso.fr\/#\/schema\/logo\/image\/\"},\"sameAs\":[\"https:\/\/www.facebook.com\/HeleneCarusoAuteur\/\",\"https:\/\/www.instagram.com\/helene_caruso_auteure\/\"]}]}<\/script>\n<!-- \/ Yoast SEO plugin. -->","yoast_head_json":{"title":"Chroniques old - Helene CARUSO Auteure","robots":{"index":"index","follow":"follow","max-snippet":"max-snippet:-1","max-image-preview":"max-image-preview:large","max-video-preview":"max-video-preview:-1"},"canonical":"https:\/\/helenecaruso.fr\/index.php\/chroniques\/","og_locale":"fr_FR","og_type":"article","og_title":"Chroniques old - Helene CARUSO Auteure","og_description":"Comme si \u00eatre une d\u00e9esse grecque (Quoi ? Si !) une m\u00e8re de famille (cool et djeun\u2019s), une auteure \u00e0 succ\u00e8s (bient\u00f4t, qui sais\u2026) et une business woman ne suffisait pas, je suis \u00e9galement chroniqueuse pour divers maisons d\u2019\u00e9dition (Juno Publishing, Editions du 38, Mix Editions, Hartwick Publishing, Humbird &amp; Curlew, Grey Eagle Publishing, entre [&hellip;]","og_url":"https:\/\/helenecaruso.fr\/index.php\/chroniques\/","og_site_name":"Helene CARUSO Auteure","article_publisher":"https:\/\/www.facebook.com\/HeleneCarusoAuteur\/","article_modified_time":"2021-07-31T08:04:39+00:00","og_image":[{"url":"https:\/\/helenecaruso.fr\/wp-content\/uploads\/2021\/05\/Helene-et-les-bouquins-300x300.jpg","type":"","width":"","height":""}],"twitter_card":"summary_large_image","twitter_misc":{"Dur\u00e9e de lecture estim\u00e9e":"1 minute"},"schema":{"@context":"https:\/\/schema.org","@graph":[{"@type":"WebPage","@id":"https:\/\/helenecaruso.fr\/index.php\/chroniques\/","url":"https:\/\/helenecaruso.fr\/index.php\/chroniques\/","name":"Chroniques old - Helene CARUSO Auteure","isPartOf":{"@id":"https:\/\/helenecaruso.fr\/#website"},"primaryImageOfPage":{"@id":"https:\/\/helenecaruso.fr\/index.php\/chroniques\/#primaryimage"},"image":{"@id":"https:\/\/helenecaruso.fr\/index.php\/chroniques\/#primaryimage"},"thumbnailUrl":"https:\/\/helenecaruso.fr\/wp-content\/uploads\/2021\/05\/Helene-et-les-bouquins-300x300.jpg","datePublished":"2021-05-17T10:35:07+00:00","dateModified":"2021-07-31T08:04:39+00:00","breadcrumb":{"@id":"https:\/\/helenecaruso.fr\/index.php\/chroniques\/#breadcrumb"},"inLanguage":"fr-FR","potentialAction":[{"@type":"ReadAction","target":["https:\/\/helenecaruso.fr\/index.php\/chroniques\/"]}]},{"@type":"ImageObject","inLanguage":"fr-FR","@id":"https:\/\/helenecaruso.fr\/index.php\/chroniques\/#primaryimage","url":"https:\/\/i0.wp.com\/helenecaruso.fr\/wp-content\/uploads\/2021\/05\/Helene-et-les-bouquins.jpg?fit=588%2C588&ssl=1","contentUrl":"https:\/\/i0.wp.com\/helenecaruso.fr\/wp-content\/uploads\/2021\/05\/Helene-et-les-bouquins.jpg?fit=588%2C588&ssl=1","width":588,"height":588},{"@type":"BreadcrumbList","@id":"https:\/\/helenecaruso.fr\/index.php\/chroniques\/#breadcrumb","itemListElement":[{"@type":"ListItem","position":1,"name":"Home","item":"https:\/\/helenecaruso.fr\/"},{"@type":"ListItem","position":2,"name":"Chroniques old"}]},{"@type":"WebSite","@id":"https:\/\/helenecaruso.fr\/#website","url":"https:\/\/helenecaruso.fr\/","name":"Helene CARUSO Auteure","description":"Helene CARUSO Auteure","publisher":{"@id":"https:\/\/helenecaruso.fr\/#organization"},"potentialAction":[{"@type":"SearchAction","target":{"@type":"EntryPoint","urlTemplate":"https:\/\/helenecaruso.fr\/?s={search_term_string}"},"query-input":{"@type":"PropertyValueSpecification","valueRequired":true,"valueName":"search_term_string"}}],"inLanguage":"fr-FR"},{"@type":"Organization","@id":"https:\/\/helenecaruso.fr\/#organization","name":"Helene Caruso Company","url":"https:\/\/helenecaruso.fr\/","logo":{"@type":"ImageObject","inLanguage":"fr-FR","@id":"https:\/\/helenecaruso.fr\/#\/schema\/logo\/image\/","url":"https:\/\/helenecaruso.fr\/wp-content\/uploads\/2021\/05\/logo-rond.png","contentUrl":"https:\/\/helenecaruso.fr\/wp-content\/uploads\/2021\/05\/logo-rond.png","width":1903,"height":1875,"caption":"Helene Caruso Company"},"image":{"@id":"https:\/\/helenecaruso.fr\/#\/schema\/logo\/image\/"},"sameAs":["https:\/\/www.facebook.com\/HeleneCarusoAuteur\/","https:\/\/www.instagram.com\/helene_caruso_auteure\/"]}]}},"jetpack_sharing_enabled":true,"_links":{"self":[{"href":"https:\/\/helenecaruso.fr\/index.php\/wp-json\/wp\/v2\/pages\/40"}],"collection":[{"href":"https:\/\/helenecaruso.fr\/index.php\/wp-json\/wp\/v2\/pages"}],"about":[{"href":"https:\/\/helenecaruso.fr\/index.php\/wp-json\/wp\/v2\/types\/page"}],"author":[{"embeddable":true,"href":"https:\/\/helenecaruso.fr\/index.php\/wp-json\/wp\/v2\/users\/1"}],"replies":[{"embeddable":true,"href":"https:\/\/helenecaruso.fr\/index.php\/wp-json\/wp\/v2\/comments?post=40"}],"version-history":[{"count":88,"href":"https:\/\/helenecaruso.fr\/index.php\/wp-json\/wp\/v2\/pages\/40\/revisions"}],"predecessor-version":[{"id":1645,"href":"https:\/\/helenecaruso.fr\/index.php\/wp-json\/wp\/v2\/pages\/40\/revisions\/1645"}],"wp:attachment":[{"href":"https:\/\/helenecaruso.fr\/index.php\/wp-json\/wp\/v2\/media?parent=40"}],"curies":[{"name":"wp","href":"https:\/\/api.w.org\/{rel}","templated":true}]}}