{"id":158,"date":"2021-05-17T18:29:08","date_gmt":"2021-05-17T16:29:08","guid":{"rendered":"https:\/\/helenecaruso.fr\/?post_type=product&#038;p=158"},"modified":"2021-08-14T17:13:20","modified_gmt":"2021-08-14T15:13:20","slug":"believe-me-just-dont-care-t1","status":"publish","type":"product","link":"https:\/\/helenecaruso.fr\/index.php\/product\/believe-me-just-dont-care-t1\/","title":{"rendered":"Believe Me : Just don&rsquo;t care, T1"},"content":{"rendered":"<div data-ogsc=\"rgb(0, 0, 0)\"><strong>Secret d&rsquo;auteur : pour cette s\u00e9rie, j&rsquo;ai eu l&rsquo;id\u00e9e d&rsquo;un groupe de potes d&rsquo;enfance, que rien n&rsquo;aurait s\u00e9par\u00e9. Ils ont tout travers\u00e9 ensemble et cela repr\u00e9sente bien l&rsquo;amiti\u00e9, au sens propre du terme.<\/strong><\/div>\n<div data-ogsc=\"rgb(0, 0, 0)\"><\/div>\n<p><!--more--><\/p>\n<div data-ogsc=\"rgb(0, 0, 0)\"><\/div>\n<p>Marshall est agent de voyage. Habitu\u00e9 \u00e0 parcourir le monde pour visiter des h\u00f4tels, il d\u00e9teste rester clo\u00eetr\u00e9 chez lui et adore sortir ou aller \u00e0 la salle avec sa bande de potes. Gay, il ne s&rsquo;en cache pas et assume pleinement sa sexualit\u00e9.<\/p>\n<p>Benson est asocial. \u00c9crivain renomm\u00e9, sp\u00e9cialis\u00e9 en romances homosexuelles, il reste enferm\u00e9 de chez lui. Entour\u00e9 de ses fr\u00e8res, Mike et Hawks, ainsi que de son meilleur ami Kyle, il sort de temps \u00e0 autre pour prendre une bi\u00e8re.<br \/>\nDes ann\u00e9es auparavant, rejet\u00e9 par ses parents en d\u00e9couvrant l&rsquo;homosexualit\u00e9 de leur fils, il se refuse maintenant \u00e0 l&rsquo;afficher ni m\u00eame \u00e0 en parler.<\/p>\n<p>Une rencontre. Une seule.<\/p>\n<p>&nbsp;<\/p>\n","protected":false},"excerpt":{"rendered":"<p>&nbsp;<\/p>\n<p>Marshall est agent de voyage. Habitu\u00e9 \u00e0 parcourir le monde pour visiter des h\u00f4tels, il d\u00e9teste rester clo\u00eetr\u00e9 chez lui et adore sortir ou aller \u00e0 la salle avec sa bande de potes. Gay, il ne s&rsquo;en cache pas et assume pleinement sa sexualit\u00e9.<\/p>\n<h2><span style=\"color: #0000ff;\"><a style=\"color: #0000ff;\" href=\"https:\/\/evidence-boutique.com\/enae\/just-don-t-care-tome-1-believe-me#\/26-formats-numerique_epub\"><em><strong>Exclusivit\u00e9 Evidence Editions.<\/strong><\/em><\/a><\/span><\/h2>\n","protected":false},"featured_media":499,"comment_status":"open","ping_status":"closed","template":"","meta":{"ocean_post_layout":"full-screen","ocean_both_sidebars_style":"","ocean_both_sidebars_content_width":0,"ocean_both_sidebars_sidebars_width":0,"ocean_sidebar":"0","ocean_second_sidebar":"0","ocean_disable_margins":"enable","ocean_add_body_class":"","ocean_shortcode_before_top_bar":"","ocean_shortcode_after_top_bar":"","ocean_shortcode_before_header":"","ocean_shortcode_after_header":"","ocean_has_shortcode":"","ocean_shortcode_after_title":"","ocean_shortcode_before_footer_widgets":"","ocean_shortcode_after_footer_widgets":"","ocean_shortcode_before_footer_bottom":"","ocean_shortcode_after_footer_bottom":"","ocean_display_top_bar":"off","ocean_display_header":"default","ocean_header_style":"","ocean_center_header_left_menu":"0","ocean_custom_header_template":"0","ocean_custom_logo":0,"ocean_custom_retina_logo":0,"ocean_custom_logo_max_width":0,"ocean_custom_logo_tablet_max_width":0,"ocean_custom_logo_mobile_max_width":0,"ocean_custom_logo_max_height":0,"ocean_custom_logo_tablet_max_height":0,"ocean_custom_logo_mobile_max_height":0,"ocean_header_custom_menu":"0","ocean_menu_typo_font_family":"0","ocean_menu_typo_font_subset":"","ocean_menu_typo_font_size":0,"ocean_menu_typo_font_size_tablet":0,"ocean_menu_typo_font_size_mobile":0,"ocean_menu_typo_font_size_unit":"px","ocean_menu_typo_font_weight":"","ocean_menu_typo_font_weight_tablet":"","ocean_menu_typo_font_weight_mobile":"","ocean_menu_typo_transform":"","ocean_menu_typo_transform_tablet":"","ocean_menu_typo_transform_mobile":"","ocean_menu_typo_line_height":0,"ocean_menu_typo_line_height_tablet":0,"ocean_menu_typo_line_height_mobile":0,"ocean_menu_typo_line_height_unit":"","ocean_menu_typo_spacing":0,"ocean_menu_typo_spacing_tablet":0,"ocean_menu_typo_spacing_mobile":0,"ocean_menu_typo_spacing_unit":"","ocean_menu_link_color":"","ocean_menu_link_color_hover":"","ocean_menu_link_color_active":"","ocean_menu_link_background":"","ocean_menu_link_hover_background":"","ocean_menu_link_active_background":"","ocean_menu_social_links_bg":"","ocean_menu_social_hover_links_bg":"","ocean_menu_social_links_color":"","ocean_menu_social_hover_links_color":"","ocean_disable_title":"on","ocean_disable_heading":"default","ocean_post_title":"","ocean_post_subheading":"","ocean_post_title_style":"","ocean_post_title_background_color":"","ocean_post_title_background":0,"ocean_post_title_bg_image_position":"","ocean_post_title_bg_image_attachment":"","ocean_post_title_bg_image_repeat":"","ocean_post_title_bg_image_size":"","ocean_post_title_height":0,"ocean_post_title_bg_overlay":0.5,"ocean_post_title_bg_overlay_color":"","ocean_disable_breadcrumbs":"default","ocean_breadcrumbs_color":"","ocean_breadcrumbs_separator_color":"","ocean_breadcrumbs_links_color":"","ocean_breadcrumbs_links_hover_color":"","ocean_display_footer_widgets":"off","ocean_display_footer_bottom":"off","ocean_custom_footer_template":"0"},"product_cat":[17],"product_tag":[],"class_list":{"0":"post-158","1":"product","2":"type-product","3":"status-publish","4":"has-post-thumbnail","6":"product_cat-romance-mm","8":"entry","9":"has-media","11":"first","12":"instock","13":"taxable","14":"shipping-taxable","15":"product-type-external","16":"has-product-nav","17":"col","18":"span_1_of_7","19":"owp-content-left","20":"owp-thumbs-layout-horizontal","21":"owp-btn-normal","22":"owp-tabs-layout-horizontal","23":"has-no-thumbnails","25":"circle-sale"},"yoast_head":"<!-- This site is optimized with the Yoast SEO plugin v25.6 - https:\/\/yoast.com\/wordpress\/plugins\/seo\/ -->\n<title>Believe Me : Just don&#039;t care, T1 - Helene CARUSO Auteure<\/title>\n<meta name=\"robots\" content=\"index, follow, max-snippet:-1, max-image-preview:large, max-video-preview:-1\" \/>\n<link rel=\"canonical\" href=\"https:\/\/helenecaruso.fr\/index.php\/product\/believe-me-just-dont-care-t1\/\" \/>\n<meta property=\"og:locale\" content=\"fr_FR\" \/>\n<meta property=\"og:type\" content=\"article\" \/>\n<meta property=\"og:title\" content=\"Believe Me : Just don&#039;t care, T1 - Helene CARUSO Auteure\" \/>\n<meta property=\"og:description\" content=\"&nbsp;  Marshall est agent de voyage. Habitu\u00e9 \u00e0 parcourir le monde pour visiter des h\u00f4tels, il d\u00e9teste rester clo\u00eetr\u00e9 chez lui et adore sortir ou aller \u00e0 la salle avec sa bande de potes. Gay, il ne s&#039;en cache pas et assume pleinement sa sexualit\u00e9. Exclusivit\u00e9 Evidence Editions.\" \/>\n<meta property=\"og:url\" content=\"https:\/\/helenecaruso.fr\/index.php\/product\/believe-me-just-dont-care-t1\/\" \/>\n<meta property=\"og:site_name\" content=\"Helene CARUSO Auteure\" \/>\n<meta property=\"article:publisher\" content=\"https:\/\/www.facebook.com\/HeleneCarusoAuteur\/\" \/>\n<meta property=\"article:modified_time\" content=\"2021-08-14T15:13:20+00:00\" \/>\n<meta property=\"og:image\" content=\"https:\/\/i0.wp.com\/helenecaruso.fr\/wp-content\/uploads\/2021\/05\/Just-don_t-care-Tome-1.jpg.jpg?fit=349%2C500&ssl=1\" \/>\n\t<meta property=\"og:image:width\" content=\"349\" \/>\n\t<meta property=\"og:image:height\" content=\"500\" \/>\n\t<meta property=\"og:image:type\" content=\"image\/jpeg\" \/>\n<meta name=\"twitter:card\" content=\"summary_large_image\" \/>\n<meta name=\"twitter:label1\" content=\"Dur\u00e9e de lecture estim\u00e9e\" \/>\n\t<meta name=\"twitter:data1\" content=\"1 minute\" \/>\n<script type=\"application\/ld+json\" class=\"yoast-schema-graph\">{\"@context\":\"https:\/\/schema.org\",\"@graph\":[{\"@type\":\"WebPage\",\"@id\":\"https:\/\/helenecaruso.fr\/index.php\/product\/believe-me-just-dont-care-t1\/\",\"url\":\"https:\/\/helenecaruso.fr\/index.php\/product\/believe-me-just-dont-care-t1\/\",\"name\":\"Believe Me : Just don't care, T1 - Helene CARUSO Auteure\",\"isPartOf\":{\"@id\":\"https:\/\/helenecaruso.fr\/#website\"},\"primaryImageOfPage\":{\"@id\":\"https:\/\/helenecaruso.fr\/index.php\/product\/believe-me-just-dont-care-t1\/#primaryimage\"},\"image\":{\"@id\":\"https:\/\/helenecaruso.fr\/index.php\/product\/believe-me-just-dont-care-t1\/#primaryimage\"},\"thumbnailUrl\":\"https:\/\/i0.wp.com\/helenecaruso.fr\/wp-content\/uploads\/2021\/05\/Just-don_t-care-Tome-1.jpg.jpg?fit=349%2C500&ssl=1\",\"datePublished\":\"2021-05-17T16:29:08+00:00\",\"dateModified\":\"2021-08-14T15:13:20+00:00\",\"breadcrumb\":{\"@id\":\"https:\/\/helenecaruso.fr\/index.php\/product\/believe-me-just-dont-care-t1\/#breadcrumb\"},\"inLanguage\":\"fr-FR\",\"potentialAction\":[{\"@type\":\"ReadAction\",\"target\":[\"https:\/\/helenecaruso.fr\/index.php\/product\/believe-me-just-dont-care-t1\/\"]}]},{\"@type\":\"ImageObject\",\"inLanguage\":\"fr-FR\",\"@id\":\"https:\/\/helenecaruso.fr\/index.php\/product\/believe-me-just-dont-care-t1\/#primaryimage\",\"url\":\"https:\/\/i0.wp.com\/helenecaruso.fr\/wp-content\/uploads\/2021\/05\/Just-don_t-care-Tome-1.jpg.jpg?fit=349%2C500&ssl=1\",\"contentUrl\":\"https:\/\/i0.wp.com\/helenecaruso.fr\/wp-content\/uploads\/2021\/05\/Just-don_t-care-Tome-1.jpg.jpg?fit=349%2C500&ssl=1\",\"width\":349,\"height\":500},{\"@type\":\"BreadcrumbList\",\"@id\":\"https:\/\/helenecaruso.fr\/index.php\/product\/believe-me-just-dont-care-t1\/#breadcrumb\",\"itemListElement\":[{\"@type\":\"ListItem\",\"position\":1,\"name\":\"Home\",\"item\":\"https:\/\/helenecaruso.fr\/\"},{\"@type\":\"ListItem\",\"position\":2,\"name\":\"Boutique\",\"item\":\"https:\/\/helenecaruso.fr\/index.php\/boutique\/\"},{\"@type\":\"ListItem\",\"position\":3,\"name\":\"Believe Me : Just don&rsquo;t care, T1\"}]},{\"@type\":\"WebSite\",\"@id\":\"https:\/\/helenecaruso.fr\/#website\",\"url\":\"https:\/\/helenecaruso.fr\/\",\"name\":\"Helene CARUSO Auteure\",\"description\":\"Helene CARUSO Auteure\",\"publisher\":{\"@id\":\"https:\/\/helenecaruso.fr\/#organization\"},\"potentialAction\":[{\"@type\":\"SearchAction\",\"target\":{\"@type\":\"EntryPoint\",\"urlTemplate\":\"https:\/\/helenecaruso.fr\/?s={search_term_string}\"},\"query-input\":{\"@type\":\"PropertyValueSpecification\",\"valueRequired\":true,\"valueName\":\"search_term_string\"}}],\"inLanguage\":\"fr-FR\"},{\"@type\":\"Organization\",\"@id\":\"https:\/\/helenecaruso.fr\/#organization\",\"name\":\"Helene Caruso Company\",\"url\":\"https:\/\/helenecaruso.fr\/\",\"logo\":{\"@type\":\"ImageObject\",\"inLanguage\":\"fr-FR\",\"@id\":\"https:\/\/helenecaruso.fr\/#\/schema\/logo\/image\/\",\"url\":\"https:\/\/helenecaruso.fr\/wp-content\/uploads\/2021\/05\/logo-rond.png\",\"contentUrl\":\"https:\/\/helenecaruso.fr\/wp-content\/uploads\/2021\/05\/logo-rond.png\",\"width\":1903,\"height\":1875,\"caption\":\"Helene Caruso Company\"},\"image\":{\"@id\":\"https:\/\/helenecaruso.fr\/#\/schema\/logo\/image\/\"},\"sameAs\":[\"https:\/\/www.facebook.com\/HeleneCarusoAuteur\/\",\"https:\/\/www.instagram.com\/helene_caruso_auteure\/\"]}]}<\/script>\n<!-- \/ Yoast SEO plugin. -->","yoast_head_json":{"title":"Believe Me : Just don't care, T1 - Helene CARUSO Auteure","robots":{"index":"index","follow":"follow","max-snippet":"max-snippet:-1","max-image-preview":"max-image-preview:large","max-video-preview":"max-video-preview:-1"},"canonical":"https:\/\/helenecaruso.fr\/index.php\/product\/believe-me-just-dont-care-t1\/","og_locale":"fr_FR","og_type":"article","og_title":"Believe Me : Just don't care, T1 - Helene CARUSO Auteure","og_description":"&nbsp;  Marshall est agent de voyage. Habitu\u00e9 \u00e0 parcourir le monde pour visiter des h\u00f4tels, il d\u00e9teste rester clo\u00eetr\u00e9 chez lui et adore sortir ou aller \u00e0 la salle avec sa bande de potes. Gay, il ne s'en cache pas et assume pleinement sa sexualit\u00e9. Exclusivit\u00e9 Evidence Editions.","og_url":"https:\/\/helenecaruso.fr\/index.php\/product\/believe-me-just-dont-care-t1\/","og_site_name":"Helene CARUSO Auteure","article_publisher":"https:\/\/www.facebook.com\/HeleneCarusoAuteur\/","article_modified_time":"2021-08-14T15:13:20+00:00","og_image":[{"width":349,"height":500,"url":"https:\/\/i0.wp.com\/helenecaruso.fr\/wp-content\/uploads\/2021\/05\/Just-don_t-care-Tome-1.jpg.jpg?fit=349%2C500&ssl=1","type":"image\/jpeg"}],"twitter_card":"summary_large_image","twitter_misc":{"Dur\u00e9e de lecture estim\u00e9e":"1 minute"},"schema":{"@context":"https:\/\/schema.org","@graph":[{"@type":"WebPage","@id":"https:\/\/helenecaruso.fr\/index.php\/product\/believe-me-just-dont-care-t1\/","url":"https:\/\/helenecaruso.fr\/index.php\/product\/believe-me-just-dont-care-t1\/","name":"Believe Me : Just don't care, T1 - Helene CARUSO Auteure","isPartOf":{"@id":"https:\/\/helenecaruso.fr\/#website"},"primaryImageOfPage":{"@id":"https:\/\/helenecaruso.fr\/index.php\/product\/believe-me-just-dont-care-t1\/#primaryimage"},"image":{"@id":"https:\/\/helenecaruso.fr\/index.php\/product\/believe-me-just-dont-care-t1\/#primaryimage"},"thumbnailUrl":"https:\/\/i0.wp.com\/helenecaruso.fr\/wp-content\/uploads\/2021\/05\/Just-don_t-care-Tome-1.jpg.jpg?fit=349%2C500&ssl=1","datePublished":"2021-05-17T16:29:08+00:00","dateModified":"2021-08-14T15:13:20+00:00","breadcrumb":{"@id":"https:\/\/helenecaruso.fr\/index.php\/product\/believe-me-just-dont-care-t1\/#breadcrumb"},"inLanguage":"fr-FR","potentialAction":[{"@type":"ReadAction","target":["https:\/\/helenecaruso.fr\/index.php\/product\/believe-me-just-dont-care-t1\/"]}]},{"@type":"ImageObject","inLanguage":"fr-FR","@id":"https:\/\/helenecaruso.fr\/index.php\/product\/believe-me-just-dont-care-t1\/#primaryimage","url":"https:\/\/i0.wp.com\/helenecaruso.fr\/wp-content\/uploads\/2021\/05\/Just-don_t-care-Tome-1.jpg.jpg?fit=349%2C500&ssl=1","contentUrl":"https:\/\/i0.wp.com\/helenecaruso.fr\/wp-content\/uploads\/2021\/05\/Just-don_t-care-Tome-1.jpg.jpg?fit=349%2C500&ssl=1","width":349,"height":500},{"@type":"BreadcrumbList","@id":"https:\/\/helenecaruso.fr\/index.php\/product\/believe-me-just-dont-care-t1\/#breadcrumb","itemListElement":[{"@type":"ListItem","position":1,"name":"Home","item":"https:\/\/helenecaruso.fr\/"},{"@type":"ListItem","position":2,"name":"Boutique","item":"https:\/\/helenecaruso.fr\/index.php\/boutique\/"},{"@type":"ListItem","position":3,"name":"Believe Me : Just don&rsquo;t care, T1"}]},{"@type":"WebSite","@id":"https:\/\/helenecaruso.fr\/#website","url":"https:\/\/helenecaruso.fr\/","name":"Helene CARUSO Auteure","description":"Helene CARUSO Auteure","publisher":{"@id":"https:\/\/helenecaruso.fr\/#organization"},"potentialAction":[{"@type":"SearchAction","target":{"@type":"EntryPoint","urlTemplate":"https:\/\/helenecaruso.fr\/?s={search_term_string}"},"query-input":{"@type":"PropertyValueSpecification","valueRequired":true,"valueName":"search_term_string"}}],"inLanguage":"fr-FR"},{"@type":"Organization","@id":"https:\/\/helenecaruso.fr\/#organization","name":"Helene Caruso Company","url":"https:\/\/helenecaruso.fr\/","logo":{"@type":"ImageObject","inLanguage":"fr-FR","@id":"https:\/\/helenecaruso.fr\/#\/schema\/logo\/image\/","url":"https:\/\/helenecaruso.fr\/wp-content\/uploads\/2021\/05\/logo-rond.png","contentUrl":"https:\/\/helenecaruso.fr\/wp-content\/uploads\/2021\/05\/logo-rond.png","width":1903,"height":1875,"caption":"Helene Caruso Company"},"image":{"@id":"https:\/\/helenecaruso.fr\/#\/schema\/logo\/image\/"},"sameAs":["https:\/\/www.facebook.com\/HeleneCarusoAuteur\/","https:\/\/www.instagram.com\/helene_caruso_auteure\/"]}]}},"jetpack_sharing_enabled":true,"_links":{"self":[{"href":"https:\/\/helenecaruso.fr\/index.php\/wp-json\/wp\/v2\/product\/158"}],"collection":[{"href":"https:\/\/helenecaruso.fr\/index.php\/wp-json\/wp\/v2\/product"}],"about":[{"href":"https:\/\/helenecaruso.fr\/index.php\/wp-json\/wp\/v2\/types\/product"}],"replies":[{"embeddable":true,"href":"https:\/\/helenecaruso.fr\/index.php\/wp-json\/wp\/v2\/comments?post=158"}],"version-history":[{"count":8,"href":"https:\/\/helenecaruso.fr\/index.php\/wp-json\/wp\/v2\/product\/158\/revisions"}],"predecessor-version":[{"id":1733,"href":"https:\/\/helenecaruso.fr\/index.php\/wp-json\/wp\/v2\/product\/158\/revisions\/1733"}],"wp:featuredmedia":[{"embeddable":true,"href":"https:\/\/helenecaruso.fr\/index.php\/wp-json\/wp\/v2\/media\/499"}],"wp:attachment":[{"href":"https:\/\/helenecaruso.fr\/index.php\/wp-json\/wp\/v2\/media?parent=158"}],"wp:term":[{"taxonomy":"product_cat","embeddable":true,"href":"https:\/\/helenecaruso.fr\/index.php\/wp-json\/wp\/v2\/product_cat?post=158"},{"taxonomy":"product_tag","embeddable":true,"href":"https:\/\/helenecaruso.fr\/index.php\/wp-json\/wp\/v2\/product_tag?post=158"}],"curies":[{"name":"wp","href":"https:\/\/api.w.org\/{rel}","templated":true}]}}