{"id":1842,"date":"2021-10-04T20:14:36","date_gmt":"2021-10-04T18:14:36","guid":{"rendered":"https:\/\/helenecaruso.fr\/?post_type=product&#038;p=1842"},"modified":"2022-04-07T22:29:39","modified_gmt":"2022-04-07T20:29:39","slug":"call-me-livia-olivia-kincaid-1-epub","status":"publish","type":"product","link":"https:\/\/helenecaruso.fr\/index.php\/product\/call-me-livia-olivia-kincaid-1-epub\/","title":{"rendered":"Call me Livia (Olivia Kincaid #1) Epub"},"content":{"rendered":"","protected":false},"excerpt":{"rendered":"<p><i>Psychologue de renom, je me suis battue pour me faire un nom dans ce milieu machiste.<\/i><\/p>\n<p>&nbsp;<\/p>\n<p><i>C\u00e9libataire, j&rsquo;aime disposer des hommes comme bon me semble.<\/i><\/p>\n<p><i>Lorsque mon meilleur ami, Connor, me pr\u00e9sente \u00e0 la directrice d&rsquo;une agence d&rsquo;escortes, j&rsquo;y vois un moyen de prendre mon pied sans entrave.<\/i><\/p>\n<p><i>Tout se d\u00e9roulait parfaitement bien, jusqu&rsquo;\u00e0 ma rencontre avec Caleb Prescott. Fils unique d&rsquo;un armurier connu, multimillionnaire, cet apollon arrogant et fier est persuad\u00e9 qu&rsquo;il peut m&rsquo;attraper dans ses filets.<\/i><\/p>\n<p><i>Idiot !<\/i><\/p>\n<p><i>Il n&rsquo;imagine m\u00eame pas qu&rsquo;il repr\u00e9sente tout ce que je d\u00e9teste. Il veut jouer ?<\/i><\/p>\n<p><i>Que la partie commence !<\/i><\/p>\n","protected":false},"featured_media":2074,"comment_status":"open","ping_status":"closed","template":"","meta":{"ocean_post_layout":"","ocean_both_sidebars_style":"","ocean_both_sidebars_content_width":0,"ocean_both_sidebars_sidebars_width":0,"ocean_sidebar":"0","ocean_second_sidebar":"0","ocean_disable_margins":"enable","ocean_add_body_class":"","ocean_shortcode_before_top_bar":"","ocean_shortcode_after_top_bar":"","ocean_shortcode_before_header":"","ocean_shortcode_after_header":"","ocean_has_shortcode":"","ocean_shortcode_after_title":"","ocean_shortcode_before_footer_widgets":"","ocean_shortcode_after_footer_widgets":"","ocean_shortcode_before_footer_bottom":"","ocean_shortcode_after_footer_bottom":"","ocean_display_top_bar":"default","ocean_display_header":"default","ocean_header_style":"","ocean_center_header_left_menu":"0","ocean_custom_header_template":"0","ocean_custom_logo":0,"ocean_custom_retina_logo":0,"ocean_custom_logo_max_width":0,"ocean_custom_logo_tablet_max_width":0,"ocean_custom_logo_mobile_max_width":0,"ocean_custom_logo_max_height":0,"ocean_custom_logo_tablet_max_height":0,"ocean_custom_logo_mobile_max_height":0,"ocean_header_custom_menu":"0","ocean_menu_typo_font_family":"0","ocean_menu_typo_font_subset":"","ocean_menu_typo_font_size":0,"ocean_menu_typo_font_size_tablet":0,"ocean_menu_typo_font_size_mobile":0,"ocean_menu_typo_font_size_unit":"px","ocean_menu_typo_font_weight":"","ocean_menu_typo_font_weight_tablet":"","ocean_menu_typo_font_weight_mobile":"","ocean_menu_typo_transform":"","ocean_menu_typo_transform_tablet":"","ocean_menu_typo_transform_mobile":"","ocean_menu_typo_line_height":0,"ocean_menu_typo_line_height_tablet":0,"ocean_menu_typo_line_height_mobile":0,"ocean_menu_typo_line_height_unit":"","ocean_menu_typo_spacing":0,"ocean_menu_typo_spacing_tablet":0,"ocean_menu_typo_spacing_mobile":0,"ocean_menu_typo_spacing_unit":"","ocean_menu_link_color":"","ocean_menu_link_color_hover":"","ocean_menu_link_color_active":"","ocean_menu_link_background":"","ocean_menu_link_hover_background":"","ocean_menu_link_active_background":"","ocean_menu_social_links_bg":"","ocean_menu_social_hover_links_bg":"","ocean_menu_social_links_color":"","ocean_menu_social_hover_links_color":"","ocean_disable_title":"default","ocean_disable_heading":"default","ocean_post_title":"","ocean_post_subheading":"","ocean_post_title_style":"","ocean_post_title_background_color":"","ocean_post_title_background":0,"ocean_post_title_bg_image_position":"","ocean_post_title_bg_image_attachment":"","ocean_post_title_bg_image_repeat":"","ocean_post_title_bg_image_size":"","ocean_post_title_height":0,"ocean_post_title_bg_overlay":0.5,"ocean_post_title_bg_overlay_color":"","ocean_disable_breadcrumbs":"default","ocean_breadcrumbs_color":"","ocean_breadcrumbs_separator_color":"","ocean_breadcrumbs_links_color":"","ocean_breadcrumbs_links_hover_color":"","ocean_display_footer_widgets":"default","ocean_display_footer_bottom":"default","ocean_custom_footer_template":"0"},"product_cat":[24],"product_tag":[],"class_list":{"0":"post-1842","1":"product","2":"type-product","3":"status-publish","4":"has-post-thumbnail","6":"product_cat-romance-mf","8":"entry","9":"has-media","11":"first","12":"instock","13":"downloadable","14":"virtual","15":"purchasable","16":"product-type-simple","17":"has-rating","18":"has-product-nav","19":"col","20":"span_1_of_7","21":"owp-content-left","22":"owp-thumbs-layout-horizontal","23":"owp-btn-normal","24":"owp-tabs-layout-horizontal","25":"has-no-thumbnails","27":"circle-sale"},"yoast_head":"<!-- This site is optimized with the Yoast SEO plugin v25.6 - https:\/\/yoast.com\/wordpress\/plugins\/seo\/ -->\n<title>Call me Livia (Olivia Kincaid #1) Epub - Helene CARUSO Auteure<\/title>\n<meta name=\"robots\" content=\"index, follow, max-snippet:-1, max-image-preview:large, max-video-preview:-1\" \/>\n<link rel=\"canonical\" href=\"https:\/\/helenecaruso.fr\/index.php\/product\/call-me-livia-olivia-kincaid-1-epub\/\" \/>\n<meta property=\"og:locale\" content=\"fr_FR\" \/>\n<meta property=\"og:type\" content=\"article\" \/>\n<meta property=\"og:title\" content=\"Call me Livia (Olivia Kincaid #1) Epub - Helene CARUSO Auteure\" \/>\n<meta property=\"og:description\" content=\"Psychologue de renom, je me suis battue pour me faire un nom dans ce milieu machiste.  &nbsp;  C\u00e9libataire, j&#039;aime disposer des hommes comme bon me semble.  Lorsque mon meilleur ami, Connor, me pr\u00e9sente \u00e0 la directrice d&#039;une agence d&#039;escortes, j&#039;y vois un moyen de prendre mon pied sans entrave.  Tout se d\u00e9roulait parfaitement bien, jusqu&#039;\u00e0 ma rencontre avec Caleb Prescott. Fils unique d&#039;un armurier connu, multimillionnaire, cet apollon arrogant et fier est persuad\u00e9 qu&#039;il peut m&#039;attraper dans ses filets.  Idiot !  Il n&#039;imagine m\u00eame pas qu&#039;il repr\u00e9sente tout ce que je d\u00e9teste. Il veut jouer ?  Que la partie commence !\" \/>\n<meta property=\"og:url\" content=\"https:\/\/helenecaruso.fr\/index.php\/product\/call-me-livia-olivia-kincaid-1-epub\/\" \/>\n<meta property=\"og:site_name\" content=\"Helene CARUSO Auteure\" \/>\n<meta property=\"article:publisher\" content=\"https:\/\/www.facebook.com\/HeleneCarusoAuteur\/\" \/>\n<meta property=\"article:modified_time\" content=\"2022-04-07T20:29:39+00:00\" \/>\n<meta property=\"og:image\" content=\"https:\/\/helenecaruso.fr\/wp-content\/uploads\/2021\/10\/Cover-ebook-Call-Me-Livia-scaled.jpg\" \/>\n\t<meta property=\"og:image:width\" content=\"1695\" \/>\n\t<meta property=\"og:image:height\" content=\"2560\" \/>\n\t<meta property=\"og:image:type\" content=\"image\/jpeg\" \/>\n<meta name=\"twitter:card\" content=\"summary_large_image\" \/>\n<script type=\"application\/ld+json\" class=\"yoast-schema-graph\">{\"@context\":\"https:\/\/schema.org\",\"@graph\":[{\"@type\":\"WebPage\",\"@id\":\"https:\/\/helenecaruso.fr\/index.php\/product\/call-me-livia-olivia-kincaid-1-epub\/\",\"url\":\"https:\/\/helenecaruso.fr\/index.php\/product\/call-me-livia-olivia-kincaid-1-epub\/\",\"name\":\"Call me Livia (Olivia Kincaid #1) Epub - Helene CARUSO Auteure\",\"isPartOf\":{\"@id\":\"https:\/\/helenecaruso.fr\/#website\"},\"primaryImageOfPage\":{\"@id\":\"https:\/\/helenecaruso.fr\/index.php\/product\/call-me-livia-olivia-kincaid-1-epub\/#primaryimage\"},\"image\":{\"@id\":\"https:\/\/helenecaruso.fr\/index.php\/product\/call-me-livia-olivia-kincaid-1-epub\/#primaryimage\"},\"thumbnailUrl\":\"https:\/\/i0.wp.com\/helenecaruso.fr\/wp-content\/uploads\/2021\/10\/Cover-ebook-Call-Me-Livia-scaled.jpg?fit=1695%2C2560&ssl=1\",\"datePublished\":\"2021-10-04T18:14:36+00:00\",\"dateModified\":\"2022-04-07T20:29:39+00:00\",\"breadcrumb\":{\"@id\":\"https:\/\/helenecaruso.fr\/index.php\/product\/call-me-livia-olivia-kincaid-1-epub\/#breadcrumb\"},\"inLanguage\":\"fr-FR\",\"potentialAction\":[{\"@type\":\"ReadAction\",\"target\":[\"https:\/\/helenecaruso.fr\/index.php\/product\/call-me-livia-olivia-kincaid-1-epub\/\"]}]},{\"@type\":\"ImageObject\",\"inLanguage\":\"fr-FR\",\"@id\":\"https:\/\/helenecaruso.fr\/index.php\/product\/call-me-livia-olivia-kincaid-1-epub\/#primaryimage\",\"url\":\"https:\/\/i0.wp.com\/helenecaruso.fr\/wp-content\/uploads\/2021\/10\/Cover-ebook-Call-Me-Livia-scaled.jpg?fit=1695%2C2560&ssl=1\",\"contentUrl\":\"https:\/\/i0.wp.com\/helenecaruso.fr\/wp-content\/uploads\/2021\/10\/Cover-ebook-Call-Me-Livia-scaled.jpg?fit=1695%2C2560&ssl=1\",\"width\":1695,\"height\":2560},{\"@type\":\"BreadcrumbList\",\"@id\":\"https:\/\/helenecaruso.fr\/index.php\/product\/call-me-livia-olivia-kincaid-1-epub\/#breadcrumb\",\"itemListElement\":[{\"@type\":\"ListItem\",\"position\":1,\"name\":\"Home\",\"item\":\"https:\/\/helenecaruso.fr\/\"},{\"@type\":\"ListItem\",\"position\":2,\"name\":\"Boutique\",\"item\":\"https:\/\/helenecaruso.fr\/index.php\/boutique\/\"},{\"@type\":\"ListItem\",\"position\":3,\"name\":\"Call me Livia (Olivia Kincaid #1) Epub\"}]},{\"@type\":\"WebSite\",\"@id\":\"https:\/\/helenecaruso.fr\/#website\",\"url\":\"https:\/\/helenecaruso.fr\/\",\"name\":\"Helene CARUSO Auteure\",\"description\":\"Helene CARUSO Auteure\",\"publisher\":{\"@id\":\"https:\/\/helenecaruso.fr\/#organization\"},\"potentialAction\":[{\"@type\":\"SearchAction\",\"target\":{\"@type\":\"EntryPoint\",\"urlTemplate\":\"https:\/\/helenecaruso.fr\/?s={search_term_string}\"},\"query-input\":{\"@type\":\"PropertyValueSpecification\",\"valueRequired\":true,\"valueName\":\"search_term_string\"}}],\"inLanguage\":\"fr-FR\"},{\"@type\":\"Organization\",\"@id\":\"https:\/\/helenecaruso.fr\/#organization\",\"name\":\"Helene Caruso Company\",\"url\":\"https:\/\/helenecaruso.fr\/\",\"logo\":{\"@type\":\"ImageObject\",\"inLanguage\":\"fr-FR\",\"@id\":\"https:\/\/helenecaruso.fr\/#\/schema\/logo\/image\/\",\"url\":\"https:\/\/helenecaruso.fr\/wp-content\/uploads\/2021\/05\/logo-rond.png\",\"contentUrl\":\"https:\/\/helenecaruso.fr\/wp-content\/uploads\/2021\/05\/logo-rond.png\",\"width\":1903,\"height\":1875,\"caption\":\"Helene Caruso Company\"},\"image\":{\"@id\":\"https:\/\/helenecaruso.fr\/#\/schema\/logo\/image\/\"},\"sameAs\":[\"https:\/\/www.facebook.com\/HeleneCarusoAuteur\/\",\"https:\/\/www.instagram.com\/helene_caruso_auteure\/\"]}]}<\/script>\n<!-- \/ Yoast SEO plugin. -->","yoast_head_json":{"title":"Call me Livia (Olivia Kincaid #1) Epub - Helene CARUSO Auteure","robots":{"index":"index","follow":"follow","max-snippet":"max-snippet:-1","max-image-preview":"max-image-preview:large","max-video-preview":"max-video-preview:-1"},"canonical":"https:\/\/helenecaruso.fr\/index.php\/product\/call-me-livia-olivia-kincaid-1-epub\/","og_locale":"fr_FR","og_type":"article","og_title":"Call me Livia (Olivia Kincaid #1) Epub - Helene CARUSO Auteure","og_description":"Psychologue de renom, je me suis battue pour me faire un nom dans ce milieu machiste.  &nbsp;  C\u00e9libataire, j'aime disposer des hommes comme bon me semble.  Lorsque mon meilleur ami, Connor, me pr\u00e9sente \u00e0 la directrice d'une agence d'escortes, j'y vois un moyen de prendre mon pied sans entrave.  Tout se d\u00e9roulait parfaitement bien, jusqu'\u00e0 ma rencontre avec Caleb Prescott. Fils unique d'un armurier connu, multimillionnaire, cet apollon arrogant et fier est persuad\u00e9 qu'il peut m'attraper dans ses filets.  Idiot !  Il n'imagine m\u00eame pas qu'il repr\u00e9sente tout ce que je d\u00e9teste. Il veut jouer ?  Que la partie commence !","og_url":"https:\/\/helenecaruso.fr\/index.php\/product\/call-me-livia-olivia-kincaid-1-epub\/","og_site_name":"Helene CARUSO Auteure","article_publisher":"https:\/\/www.facebook.com\/HeleneCarusoAuteur\/","article_modified_time":"2022-04-07T20:29:39+00:00","og_image":[{"width":1695,"height":2560,"url":"https:\/\/helenecaruso.fr\/wp-content\/uploads\/2021\/10\/Cover-ebook-Call-Me-Livia-scaled.jpg","type":"image\/jpeg"}],"twitter_card":"summary_large_image","schema":{"@context":"https:\/\/schema.org","@graph":[{"@type":"WebPage","@id":"https:\/\/helenecaruso.fr\/index.php\/product\/call-me-livia-olivia-kincaid-1-epub\/","url":"https:\/\/helenecaruso.fr\/index.php\/product\/call-me-livia-olivia-kincaid-1-epub\/","name":"Call me Livia (Olivia Kincaid #1) Epub - Helene CARUSO Auteure","isPartOf":{"@id":"https:\/\/helenecaruso.fr\/#website"},"primaryImageOfPage":{"@id":"https:\/\/helenecaruso.fr\/index.php\/product\/call-me-livia-olivia-kincaid-1-epub\/#primaryimage"},"image":{"@id":"https:\/\/helenecaruso.fr\/index.php\/product\/call-me-livia-olivia-kincaid-1-epub\/#primaryimage"},"thumbnailUrl":"https:\/\/i0.wp.com\/helenecaruso.fr\/wp-content\/uploads\/2021\/10\/Cover-ebook-Call-Me-Livia-scaled.jpg?fit=1695%2C2560&ssl=1","datePublished":"2021-10-04T18:14:36+00:00","dateModified":"2022-04-07T20:29:39+00:00","breadcrumb":{"@id":"https:\/\/helenecaruso.fr\/index.php\/product\/call-me-livia-olivia-kincaid-1-epub\/#breadcrumb"},"inLanguage":"fr-FR","potentialAction":[{"@type":"ReadAction","target":["https:\/\/helenecaruso.fr\/index.php\/product\/call-me-livia-olivia-kincaid-1-epub\/"]}]},{"@type":"ImageObject","inLanguage":"fr-FR","@id":"https:\/\/helenecaruso.fr\/index.php\/product\/call-me-livia-olivia-kincaid-1-epub\/#primaryimage","url":"https:\/\/i0.wp.com\/helenecaruso.fr\/wp-content\/uploads\/2021\/10\/Cover-ebook-Call-Me-Livia-scaled.jpg?fit=1695%2C2560&ssl=1","contentUrl":"https:\/\/i0.wp.com\/helenecaruso.fr\/wp-content\/uploads\/2021\/10\/Cover-ebook-Call-Me-Livia-scaled.jpg?fit=1695%2C2560&ssl=1","width":1695,"height":2560},{"@type":"BreadcrumbList","@id":"https:\/\/helenecaruso.fr\/index.php\/product\/call-me-livia-olivia-kincaid-1-epub\/#breadcrumb","itemListElement":[{"@type":"ListItem","position":1,"name":"Home","item":"https:\/\/helenecaruso.fr\/"},{"@type":"ListItem","position":2,"name":"Boutique","item":"https:\/\/helenecaruso.fr\/index.php\/boutique\/"},{"@type":"ListItem","position":3,"name":"Call me Livia (Olivia Kincaid #1) Epub"}]},{"@type":"WebSite","@id":"https:\/\/helenecaruso.fr\/#website","url":"https:\/\/helenecaruso.fr\/","name":"Helene CARUSO Auteure","description":"Helene CARUSO Auteure","publisher":{"@id":"https:\/\/helenecaruso.fr\/#organization"},"potentialAction":[{"@type":"SearchAction","target":{"@type":"EntryPoint","urlTemplate":"https:\/\/helenecaruso.fr\/?s={search_term_string}"},"query-input":{"@type":"PropertyValueSpecification","valueRequired":true,"valueName":"search_term_string"}}],"inLanguage":"fr-FR"},{"@type":"Organization","@id":"https:\/\/helenecaruso.fr\/#organization","name":"Helene Caruso Company","url":"https:\/\/helenecaruso.fr\/","logo":{"@type":"ImageObject","inLanguage":"fr-FR","@id":"https:\/\/helenecaruso.fr\/#\/schema\/logo\/image\/","url":"https:\/\/helenecaruso.fr\/wp-content\/uploads\/2021\/05\/logo-rond.png","contentUrl":"https:\/\/helenecaruso.fr\/wp-content\/uploads\/2021\/05\/logo-rond.png","width":1903,"height":1875,"caption":"Helene Caruso Company"},"image":{"@id":"https:\/\/helenecaruso.fr\/#\/schema\/logo\/image\/"},"sameAs":["https:\/\/www.facebook.com\/HeleneCarusoAuteur\/","https:\/\/www.instagram.com\/helene_caruso_auteure\/"]}]}},"jetpack_sharing_enabled":true,"_links":{"self":[{"href":"https:\/\/helenecaruso.fr\/index.php\/wp-json\/wp\/v2\/product\/1842"}],"collection":[{"href":"https:\/\/helenecaruso.fr\/index.php\/wp-json\/wp\/v2\/product"}],"about":[{"href":"https:\/\/helenecaruso.fr\/index.php\/wp-json\/wp\/v2\/types\/product"}],"replies":[{"embeddable":true,"href":"https:\/\/helenecaruso.fr\/index.php\/wp-json\/wp\/v2\/comments?post=1842"}],"version-history":[{"count":1,"href":"https:\/\/helenecaruso.fr\/index.php\/wp-json\/wp\/v2\/product\/1842\/revisions"}],"predecessor-version":[{"id":1843,"href":"https:\/\/helenecaruso.fr\/index.php\/wp-json\/wp\/v2\/product\/1842\/revisions\/1843"}],"wp:featuredmedia":[{"embeddable":true,"href":"https:\/\/helenecaruso.fr\/index.php\/wp-json\/wp\/v2\/media\/2074"}],"wp:attachment":[{"href":"https:\/\/helenecaruso.fr\/index.php\/wp-json\/wp\/v2\/media?parent=1842"}],"wp:term":[{"taxonomy":"product_cat","embeddable":true,"href":"https:\/\/helenecaruso.fr\/index.php\/wp-json\/wp\/v2\/product_cat?post=1842"},{"taxonomy":"product_tag","embeddable":true,"href":"https:\/\/helenecaruso.fr\/index.php\/wp-json\/wp\/v2\/product_tag?post=1842"}],"curies":[{"name":"wp","href":"https:\/\/api.w.org\/{rel}","templated":true}]}}