{"id":502,"date":"2021-05-19T17:56:13","date_gmt":"2021-05-19T15:56:13","guid":{"rendered":"https:\/\/helenecaruso.fr\/?post_type=product&#038;p=502"},"modified":"2021-08-10T15:24:06","modified_gmt":"2021-08-10T13:24:06","slug":"believe-me-just-dont-care-t2","status":"publish","type":"product","link":"https:\/\/helenecaruso.fr\/index.php\/product\/believe-me-just-dont-care-t2\/","title":{"rendered":"Bad Liar : Just don&rsquo;t care, T2"},"content":{"rendered":"<div data-ogsc=\"rgb(0, 0, 0)\"><strong>Secret d&rsquo;auteur : Concernant le travail que fait Byron, je me suis inspir\u00e9 de&#8230; moi ! Je suis responsable de comptes dans un grand groupe de travail temporaire international. Mon travail consiste donc \u00e0 rencontrer des candidats que je propose ensuite \u00e0 mes clients.<\/strong><\/div>\n<div data-ogsc=\"rgb(0, 0, 0)\"><\/div>\n<p><!--more--><\/p>\n<div data-ogsc=\"rgb(0, 0, 0)\"><\/div>\n<p>Byron dirige sa propre agence de recrutement. Honn\u00eate, gentil et serviable, il aime aussi faire la f\u00eate et passer du temps avec ses amis.<br \/>\nUn soir o\u00f9 il attend la bande chez Jay, il fait la connaissance de Daniel, un homme sexy qui n&rsquo;a pas froid aux yeux. Sous son charme, Byron et lui passent une nuit inoubliable, mais le lendemain, le jeune homme se rend compte que son amant d\u2019un soir n\u2019est autre que le candidat qu\u2019il doit rencontrer en vue d\u2019une embauche.<br \/>\nProfessionnel, Byron met son attirance pour Daniel de c\u00f4t\u00e9 et m\u00e8ne son entretien. Daniel retenu, il vient s\u2019installer \u00e0 New York et entame une relation avec Byron.<br \/>\nMais ce dernier sent que Daniel lui cache quelque chose.<br \/>\nLorsqu\u2019il finit par apprendre le secret de son amant, Byron est d\u00e9vast\u00e9 mais le mal est d\u00e9j\u00e0 fait. Car Byron est amoureux.<\/p>\n","protected":false},"excerpt":{"rendered":"<p>&nbsp;<\/p>\n<p><strong>Apr\u00e8s le succ\u00e8s du Tome 1, voici l&rsquo;histoire de Byron, le second des 5 amis du groupe.<\/strong><\/p>\n<p>Byron dirige sa propre agence de recrutement. Honn\u00eate, gentil et serviable, il aime aussi faire la f\u00eate et passer du temps avec ses amis. Un soir o\u00f9 il attend la bande chez Jay, il fait la connaissance de Daniel, un homme sexy qui n&rsquo;a pas froid aux yeux.<\/p>\n<h2><a href=\"https:\/\/evidence-boutique.com\/enae\/just-don-t-care-tome-2-bad-liar#\/26-formats-numerique_epub\"><strong><em><span style=\"color: #0000ff;\">Exclusivit\u00e9 Evidence Editions.<\/span><\/em><\/strong><\/a><\/h2>\n","protected":false},"featured_media":505,"comment_status":"open","ping_status":"closed","template":"","meta":{"ocean_post_layout":"","ocean_both_sidebars_style":"","ocean_both_sidebars_content_width":0,"ocean_both_sidebars_sidebars_width":0,"ocean_sidebar":"0","ocean_second_sidebar":"0","ocean_disable_margins":"enable","ocean_add_body_class":"","ocean_shortcode_before_top_bar":"","ocean_shortcode_after_top_bar":"","ocean_shortcode_before_header":"","ocean_shortcode_after_header":"","ocean_has_shortcode":"","ocean_shortcode_after_title":"","ocean_shortcode_before_footer_widgets":"","ocean_shortcode_after_footer_widgets":"","ocean_shortcode_before_footer_bottom":"","ocean_shortcode_after_footer_bottom":"","ocean_display_top_bar":"default","ocean_display_header":"default","ocean_header_style":"","ocean_center_header_left_menu":"0","ocean_custom_header_template":"0","ocean_custom_logo":0,"ocean_custom_retina_logo":0,"ocean_custom_logo_max_width":0,"ocean_custom_logo_tablet_max_width":0,"ocean_custom_logo_mobile_max_width":0,"ocean_custom_logo_max_height":0,"ocean_custom_logo_tablet_max_height":0,"ocean_custom_logo_mobile_max_height":0,"ocean_header_custom_menu":"0","ocean_menu_typo_font_family":"0","ocean_menu_typo_font_subset":"","ocean_menu_typo_font_size":0,"ocean_menu_typo_font_size_tablet":0,"ocean_menu_typo_font_size_mobile":0,"ocean_menu_typo_font_size_unit":"px","ocean_menu_typo_font_weight":"","ocean_menu_typo_font_weight_tablet":"","ocean_menu_typo_font_weight_mobile":"","ocean_menu_typo_transform":"","ocean_menu_typo_transform_tablet":"","ocean_menu_typo_transform_mobile":"","ocean_menu_typo_line_height":0,"ocean_menu_typo_line_height_tablet":0,"ocean_menu_typo_line_height_mobile":0,"ocean_menu_typo_line_height_unit":"","ocean_menu_typo_spacing":0,"ocean_menu_typo_spacing_tablet":0,"ocean_menu_typo_spacing_mobile":0,"ocean_menu_typo_spacing_unit":"","ocean_menu_link_color":"","ocean_menu_link_color_hover":"","ocean_menu_link_color_active":"","ocean_menu_link_background":"","ocean_menu_link_hover_background":"","ocean_menu_link_active_background":"","ocean_menu_social_links_bg":"","ocean_menu_social_hover_links_bg":"","ocean_menu_social_links_color":"","ocean_menu_social_hover_links_color":"","ocean_disable_title":"on","ocean_disable_heading":"default","ocean_post_title":"","ocean_post_subheading":"","ocean_post_title_style":"","ocean_post_title_background_color":"","ocean_post_title_background":0,"ocean_post_title_bg_image_position":"","ocean_post_title_bg_image_attachment":"","ocean_post_title_bg_image_repeat":"","ocean_post_title_bg_image_size":"","ocean_post_title_height":0,"ocean_post_title_bg_overlay":0.5,"ocean_post_title_bg_overlay_color":"","ocean_disable_breadcrumbs":"default","ocean_breadcrumbs_color":"","ocean_breadcrumbs_separator_color":"","ocean_breadcrumbs_links_color":"","ocean_breadcrumbs_links_hover_color":"","ocean_display_footer_widgets":"default","ocean_display_footer_bottom":"default","ocean_custom_footer_template":"0"},"product_cat":[17],"product_tag":[],"class_list":{"0":"post-502","1":"product","2":"type-product","3":"status-publish","4":"has-post-thumbnail","6":"product_cat-romance-mm","8":"entry","9":"has-media","11":"first","12":"instock","13":"taxable","14":"shipping-taxable","15":"product-type-external","16":"has-product-nav","17":"col","18":"span_1_of_7","19":"owp-content-left","20":"owp-thumbs-layout-horizontal","21":"owp-btn-normal","22":"owp-tabs-layout-horizontal","23":"has-no-thumbnails","25":"circle-sale"},"yoast_head":"<!-- This site is optimized with the Yoast SEO plugin v25.6 - https:\/\/yoast.com\/wordpress\/plugins\/seo\/ -->\n<title>Bad Liar : Just don&#039;t care, T2 - Helene CARUSO Auteure<\/title>\n<meta name=\"robots\" content=\"index, follow, max-snippet:-1, max-image-preview:large, max-video-preview:-1\" \/>\n<link rel=\"canonical\" href=\"https:\/\/helenecaruso.fr\/index.php\/product\/believe-me-just-dont-care-t2\/\" \/>\n<meta property=\"og:locale\" content=\"fr_FR\" \/>\n<meta property=\"og:type\" content=\"article\" \/>\n<meta property=\"og:title\" content=\"Bad Liar : Just don&#039;t care, T2 - Helene CARUSO Auteure\" \/>\n<meta property=\"og:description\" content=\"&nbsp;  Apr\u00e8s le succ\u00e8s du Tome 1, voici l&#039;histoire de Byron, le second des 5 amis du groupe.  Byron dirige sa propre agence de recrutement. Honn\u00eate, gentil et serviable, il aime aussi faire la f\u00eate et passer du temps avec ses amis. Un soir o\u00f9 il attend la bande chez Jay, il fait la connaissance de Daniel, un homme sexy qui n&#039;a pas froid aux yeux. Exclusivit\u00e9 Evidence Editions.\" \/>\n<meta property=\"og:url\" content=\"https:\/\/helenecaruso.fr\/index.php\/product\/believe-me-just-dont-care-t2\/\" \/>\n<meta property=\"og:site_name\" content=\"Helene CARUSO Auteure\" \/>\n<meta property=\"article:publisher\" content=\"https:\/\/www.facebook.com\/HeleneCarusoAuteur\/\" \/>\n<meta property=\"article:modified_time\" content=\"2021-08-10T13:24:06+00:00\" \/>\n<meta property=\"og:image\" content=\"https:\/\/i2.wp.com\/helenecaruso.fr\/wp-content\/uploads\/2021\/05\/Just-don_t-care-Tome-2.jpg?fit=349%2C500&ssl=1\" \/>\n\t<meta property=\"og:image:width\" content=\"349\" \/>\n\t<meta property=\"og:image:height\" content=\"500\" \/>\n\t<meta property=\"og:image:type\" content=\"image\/jpeg\" \/>\n<meta name=\"twitter:card\" content=\"summary_large_image\" \/>\n<meta name=\"twitter:label1\" content=\"Dur\u00e9e de lecture estim\u00e9e\" \/>\n\t<meta name=\"twitter:data1\" content=\"1 minute\" \/>\n<script type=\"application\/ld+json\" class=\"yoast-schema-graph\">{\"@context\":\"https:\/\/schema.org\",\"@graph\":[{\"@type\":\"WebPage\",\"@id\":\"https:\/\/helenecaruso.fr\/index.php\/product\/believe-me-just-dont-care-t2\/\",\"url\":\"https:\/\/helenecaruso.fr\/index.php\/product\/believe-me-just-dont-care-t2\/\",\"name\":\"Bad Liar : Just don't care, T2 - Helene CARUSO Auteure\",\"isPartOf\":{\"@id\":\"https:\/\/helenecaruso.fr\/#website\"},\"primaryImageOfPage\":{\"@id\":\"https:\/\/helenecaruso.fr\/index.php\/product\/believe-me-just-dont-care-t2\/#primaryimage\"},\"image\":{\"@id\":\"https:\/\/helenecaruso.fr\/index.php\/product\/believe-me-just-dont-care-t2\/#primaryimage\"},\"thumbnailUrl\":\"https:\/\/i0.wp.com\/helenecaruso.fr\/wp-content\/uploads\/2021\/05\/Just-don_t-care-Tome-2.jpg?fit=349%2C500&ssl=1\",\"datePublished\":\"2021-05-19T15:56:13+00:00\",\"dateModified\":\"2021-08-10T13:24:06+00:00\",\"breadcrumb\":{\"@id\":\"https:\/\/helenecaruso.fr\/index.php\/product\/believe-me-just-dont-care-t2\/#breadcrumb\"},\"inLanguage\":\"fr-FR\",\"potentialAction\":[{\"@type\":\"ReadAction\",\"target\":[\"https:\/\/helenecaruso.fr\/index.php\/product\/believe-me-just-dont-care-t2\/\"]}]},{\"@type\":\"ImageObject\",\"inLanguage\":\"fr-FR\",\"@id\":\"https:\/\/helenecaruso.fr\/index.php\/product\/believe-me-just-dont-care-t2\/#primaryimage\",\"url\":\"https:\/\/i0.wp.com\/helenecaruso.fr\/wp-content\/uploads\/2021\/05\/Just-don_t-care-Tome-2.jpg?fit=349%2C500&ssl=1\",\"contentUrl\":\"https:\/\/i0.wp.com\/helenecaruso.fr\/wp-content\/uploads\/2021\/05\/Just-don_t-care-Tome-2.jpg?fit=349%2C500&ssl=1\",\"width\":349,\"height\":500},{\"@type\":\"BreadcrumbList\",\"@id\":\"https:\/\/helenecaruso.fr\/index.php\/product\/believe-me-just-dont-care-t2\/#breadcrumb\",\"itemListElement\":[{\"@type\":\"ListItem\",\"position\":1,\"name\":\"Home\",\"item\":\"https:\/\/helenecaruso.fr\/\"},{\"@type\":\"ListItem\",\"position\":2,\"name\":\"Boutique\",\"item\":\"https:\/\/helenecaruso.fr\/index.php\/boutique\/\"},{\"@type\":\"ListItem\",\"position\":3,\"name\":\"Bad Liar : Just don&rsquo;t care, T2\"}]},{\"@type\":\"WebSite\",\"@id\":\"https:\/\/helenecaruso.fr\/#website\",\"url\":\"https:\/\/helenecaruso.fr\/\",\"name\":\"Helene CARUSO Auteure\",\"description\":\"Helene CARUSO Auteure\",\"publisher\":{\"@id\":\"https:\/\/helenecaruso.fr\/#organization\"},\"potentialAction\":[{\"@type\":\"SearchAction\",\"target\":{\"@type\":\"EntryPoint\",\"urlTemplate\":\"https:\/\/helenecaruso.fr\/?s={search_term_string}\"},\"query-input\":{\"@type\":\"PropertyValueSpecification\",\"valueRequired\":true,\"valueName\":\"search_term_string\"}}],\"inLanguage\":\"fr-FR\"},{\"@type\":\"Organization\",\"@id\":\"https:\/\/helenecaruso.fr\/#organization\",\"name\":\"Helene Caruso Company\",\"url\":\"https:\/\/helenecaruso.fr\/\",\"logo\":{\"@type\":\"ImageObject\",\"inLanguage\":\"fr-FR\",\"@id\":\"https:\/\/helenecaruso.fr\/#\/schema\/logo\/image\/\",\"url\":\"https:\/\/helenecaruso.fr\/wp-content\/uploads\/2021\/05\/logo-rond.png\",\"contentUrl\":\"https:\/\/helenecaruso.fr\/wp-content\/uploads\/2021\/05\/logo-rond.png\",\"width\":1903,\"height\":1875,\"caption\":\"Helene Caruso Company\"},\"image\":{\"@id\":\"https:\/\/helenecaruso.fr\/#\/schema\/logo\/image\/\"},\"sameAs\":[\"https:\/\/www.facebook.com\/HeleneCarusoAuteur\/\",\"https:\/\/www.instagram.com\/helene_caruso_auteure\/\"]}]}<\/script>\n<!-- \/ Yoast SEO plugin. -->","yoast_head_json":{"title":"Bad Liar : Just don't care, T2 - Helene CARUSO Auteure","robots":{"index":"index","follow":"follow","max-snippet":"max-snippet:-1","max-image-preview":"max-image-preview:large","max-video-preview":"max-video-preview:-1"},"canonical":"https:\/\/helenecaruso.fr\/index.php\/product\/believe-me-just-dont-care-t2\/","og_locale":"fr_FR","og_type":"article","og_title":"Bad Liar : Just don't care, T2 - Helene CARUSO Auteure","og_description":"&nbsp;  Apr\u00e8s le succ\u00e8s du Tome 1, voici l'histoire de Byron, le second des 5 amis du groupe.  Byron dirige sa propre agence de recrutement. Honn\u00eate, gentil et serviable, il aime aussi faire la f\u00eate et passer du temps avec ses amis. Un soir o\u00f9 il attend la bande chez Jay, il fait la connaissance de Daniel, un homme sexy qui n'a pas froid aux yeux. Exclusivit\u00e9 Evidence Editions.","og_url":"https:\/\/helenecaruso.fr\/index.php\/product\/believe-me-just-dont-care-t2\/","og_site_name":"Helene CARUSO Auteure","article_publisher":"https:\/\/www.facebook.com\/HeleneCarusoAuteur\/","article_modified_time":"2021-08-10T13:24:06+00:00","og_image":[{"width":349,"height":500,"url":"https:\/\/i2.wp.com\/helenecaruso.fr\/wp-content\/uploads\/2021\/05\/Just-don_t-care-Tome-2.jpg?fit=349%2C500&ssl=1","type":"image\/jpeg"}],"twitter_card":"summary_large_image","twitter_misc":{"Dur\u00e9e de lecture estim\u00e9e":"1 minute"},"schema":{"@context":"https:\/\/schema.org","@graph":[{"@type":"WebPage","@id":"https:\/\/helenecaruso.fr\/index.php\/product\/believe-me-just-dont-care-t2\/","url":"https:\/\/helenecaruso.fr\/index.php\/product\/believe-me-just-dont-care-t2\/","name":"Bad Liar : Just don't care, T2 - Helene CARUSO Auteure","isPartOf":{"@id":"https:\/\/helenecaruso.fr\/#website"},"primaryImageOfPage":{"@id":"https:\/\/helenecaruso.fr\/index.php\/product\/believe-me-just-dont-care-t2\/#primaryimage"},"image":{"@id":"https:\/\/helenecaruso.fr\/index.php\/product\/believe-me-just-dont-care-t2\/#primaryimage"},"thumbnailUrl":"https:\/\/i0.wp.com\/helenecaruso.fr\/wp-content\/uploads\/2021\/05\/Just-don_t-care-Tome-2.jpg?fit=349%2C500&ssl=1","datePublished":"2021-05-19T15:56:13+00:00","dateModified":"2021-08-10T13:24:06+00:00","breadcrumb":{"@id":"https:\/\/helenecaruso.fr\/index.php\/product\/believe-me-just-dont-care-t2\/#breadcrumb"},"inLanguage":"fr-FR","potentialAction":[{"@type":"ReadAction","target":["https:\/\/helenecaruso.fr\/index.php\/product\/believe-me-just-dont-care-t2\/"]}]},{"@type":"ImageObject","inLanguage":"fr-FR","@id":"https:\/\/helenecaruso.fr\/index.php\/product\/believe-me-just-dont-care-t2\/#primaryimage","url":"https:\/\/i0.wp.com\/helenecaruso.fr\/wp-content\/uploads\/2021\/05\/Just-don_t-care-Tome-2.jpg?fit=349%2C500&ssl=1","contentUrl":"https:\/\/i0.wp.com\/helenecaruso.fr\/wp-content\/uploads\/2021\/05\/Just-don_t-care-Tome-2.jpg?fit=349%2C500&ssl=1","width":349,"height":500},{"@type":"BreadcrumbList","@id":"https:\/\/helenecaruso.fr\/index.php\/product\/believe-me-just-dont-care-t2\/#breadcrumb","itemListElement":[{"@type":"ListItem","position":1,"name":"Home","item":"https:\/\/helenecaruso.fr\/"},{"@type":"ListItem","position":2,"name":"Boutique","item":"https:\/\/helenecaruso.fr\/index.php\/boutique\/"},{"@type":"ListItem","position":3,"name":"Bad Liar : Just don&rsquo;t care, T2"}]},{"@type":"WebSite","@id":"https:\/\/helenecaruso.fr\/#website","url":"https:\/\/helenecaruso.fr\/","name":"Helene CARUSO Auteure","description":"Helene CARUSO Auteure","publisher":{"@id":"https:\/\/helenecaruso.fr\/#organization"},"potentialAction":[{"@type":"SearchAction","target":{"@type":"EntryPoint","urlTemplate":"https:\/\/helenecaruso.fr\/?s={search_term_string}"},"query-input":{"@type":"PropertyValueSpecification","valueRequired":true,"valueName":"search_term_string"}}],"inLanguage":"fr-FR"},{"@type":"Organization","@id":"https:\/\/helenecaruso.fr\/#organization","name":"Helene Caruso Company","url":"https:\/\/helenecaruso.fr\/","logo":{"@type":"ImageObject","inLanguage":"fr-FR","@id":"https:\/\/helenecaruso.fr\/#\/schema\/logo\/image\/","url":"https:\/\/helenecaruso.fr\/wp-content\/uploads\/2021\/05\/logo-rond.png","contentUrl":"https:\/\/helenecaruso.fr\/wp-content\/uploads\/2021\/05\/logo-rond.png","width":1903,"height":1875,"caption":"Helene Caruso Company"},"image":{"@id":"https:\/\/helenecaruso.fr\/#\/schema\/logo\/image\/"},"sameAs":["https:\/\/www.facebook.com\/HeleneCarusoAuteur\/","https:\/\/www.instagram.com\/helene_caruso_auteure\/"]}]}},"jetpack_sharing_enabled":true,"_links":{"self":[{"href":"https:\/\/helenecaruso.fr\/index.php\/wp-json\/wp\/v2\/product\/502"}],"collection":[{"href":"https:\/\/helenecaruso.fr\/index.php\/wp-json\/wp\/v2\/product"}],"about":[{"href":"https:\/\/helenecaruso.fr\/index.php\/wp-json\/wp\/v2\/types\/product"}],"replies":[{"embeddable":true,"href":"https:\/\/helenecaruso.fr\/index.php\/wp-json\/wp\/v2\/comments?post=502"}],"version-history":[{"count":13,"href":"https:\/\/helenecaruso.fr\/index.php\/wp-json\/wp\/v2\/product\/502\/revisions"}],"predecessor-version":[{"id":1731,"href":"https:\/\/helenecaruso.fr\/index.php\/wp-json\/wp\/v2\/product\/502\/revisions\/1731"}],"wp:featuredmedia":[{"embeddable":true,"href":"https:\/\/helenecaruso.fr\/index.php\/wp-json\/wp\/v2\/media\/505"}],"wp:attachment":[{"href":"https:\/\/helenecaruso.fr\/index.php\/wp-json\/wp\/v2\/media?parent=502"}],"wp:term":[{"taxonomy":"product_cat","embeddable":true,"href":"https:\/\/helenecaruso.fr\/index.php\/wp-json\/wp\/v2\/product_cat?post=502"},{"taxonomy":"product_tag","embeddable":true,"href":"https:\/\/helenecaruso.fr\/index.php\/wp-json\/wp\/v2\/product_tag?post=502"}],"curies":[{"name":"wp","href":"https:\/\/api.w.org\/{rel}","templated":true}]}}