{"id":512,"date":"2021-05-19T18:07:55","date_gmt":"2021-05-19T16:07:55","guid":{"rendered":"https:\/\/helenecaruso.fr\/?post_type=product&#038;p=512"},"modified":"2026-03-29T12:46:15","modified_gmt":"2026-03-29T10:46:15","slug":"about-you-and-me-just-dont-care-t4","status":"publish","type":"product","link":"https:\/\/helenecaruso.fr\/index.php\/product\/about-you-and-me-just-dont-care-t4\/","title":{"rendered":"About you and me Just don&rsquo;t care, T4"},"content":{"rendered":"<p><strong>Secret d&rsquo;auteur : Etant donn\u00e9 que Rod est le personnage le plus discret de la s\u00e9rie, je voulais lui cr\u00e9er un partenaire sombre, noir et agressif. Parker a remport\u00e9 le d\u00e9fi que je m&rsquo;\u00e9tais fix\u00e9 haut la main !<\/strong><!--more--><\/p>\n<p>Pompier chevronn\u00e9, Rod est heureux dans sa vie. Des amis fid\u00e8les, un job qu&rsquo;il adore, il ne lui manque que l&rsquo;amour. Une nuit d\u2019orage, il intervient sur un accident de voiture et fait la connaissance de Parker, une des victimes. D\u2019habitude r\u00e9serv\u00e9, Rod rend visite \u00e0 Parker durant son hospitalisation et l\u2019attirance que les deux hommes ressentent grandit rapidement. Mais Parker est un jeune homme tortur\u00e9 et il lui arrive de dispara\u00eetre pendant plusieurs jours, laissant Rod rong\u00e9 par l\u2019inqui\u00e9tude. Lorsqu\u2019il r\u00e9appara\u00eet le corps et le visage tum\u00e9fi\u00e9s, Rod exige des explications, mettant Parker hors de lui. La rupture est alors in\u00e9vitable. Mais l\u2019amour n\u2019a pas dit son dernier mot.<\/p>\n","protected":false},"excerpt":{"rendered":"<p><strong>Voici l&rsquo;histoire du pompier du groupe, Rod.<\/strong><\/p>\n<p>Pompier chevronn\u00e9, Rod est heureux dans sa vie. Des amis fid\u00e8les, un job qu&rsquo;il adore, il ne lui manque que l&rsquo;amour.<\/p>\n<h2><a href=\"https:\/\/evidence-boutique.com\/enae\/just-don-t-care-tome-4-about-you-and-me#\/26-formats-numerique_epub\"><strong><em><span style=\"color: #0000ff;\">Exclusivit\u00e9 Evidence Editions.<\/span><\/em><\/strong><\/a><\/h2>\n","protected":false},"featured_media":514,"comment_status":"open","ping_status":"closed","template":"","meta":{"ocean_post_layout":"","ocean_both_sidebars_style":"","ocean_both_sidebars_content_width":0,"ocean_both_sidebars_sidebars_width":0,"ocean_sidebar":"0","ocean_second_sidebar":"0","ocean_disable_margins":"enable","ocean_add_body_class":"","ocean_shortcode_before_top_bar":"","ocean_shortcode_after_top_bar":"","ocean_shortcode_before_header":"","ocean_shortcode_after_header":"","ocean_has_shortcode":"","ocean_shortcode_after_title":"","ocean_shortcode_before_footer_widgets":"","ocean_shortcode_after_footer_widgets":"","ocean_shortcode_before_footer_bottom":"","ocean_shortcode_after_footer_bottom":"","ocean_display_top_bar":"default","ocean_display_header":"default","ocean_header_style":"","ocean_center_header_left_menu":"0","ocean_custom_header_template":"0","ocean_custom_logo":0,"ocean_custom_retina_logo":0,"ocean_custom_logo_max_width":0,"ocean_custom_logo_tablet_max_width":0,"ocean_custom_logo_mobile_max_width":0,"ocean_custom_logo_max_height":0,"ocean_custom_logo_tablet_max_height":0,"ocean_custom_logo_mobile_max_height":0,"ocean_header_custom_menu":"0","ocean_menu_typo_font_family":"0","ocean_menu_typo_font_subset":"","ocean_menu_typo_font_size":0,"ocean_menu_typo_font_size_tablet":0,"ocean_menu_typo_font_size_mobile":0,"ocean_menu_typo_font_size_unit":"px","ocean_menu_typo_font_weight":"","ocean_menu_typo_font_weight_tablet":"","ocean_menu_typo_font_weight_mobile":"","ocean_menu_typo_transform":"","ocean_menu_typo_transform_tablet":"","ocean_menu_typo_transform_mobile":"","ocean_menu_typo_line_height":0,"ocean_menu_typo_line_height_tablet":0,"ocean_menu_typo_line_height_mobile":0,"ocean_menu_typo_line_height_unit":"","ocean_menu_typo_spacing":0,"ocean_menu_typo_spacing_tablet":0,"ocean_menu_typo_spacing_mobile":0,"ocean_menu_typo_spacing_unit":"","ocean_menu_link_color":"","ocean_menu_link_color_hover":"","ocean_menu_link_color_active":"","ocean_menu_link_background":"","ocean_menu_link_hover_background":"","ocean_menu_link_active_background":"","ocean_menu_social_links_bg":"","ocean_menu_social_hover_links_bg":"","ocean_menu_social_links_color":"","ocean_menu_social_hover_links_color":"","ocean_disable_title":"on","ocean_disable_heading":"default","ocean_post_title":"","ocean_post_subheading":"","ocean_post_title_style":"","ocean_post_title_background_color":"","ocean_post_title_background":0,"ocean_post_title_bg_image_position":"","ocean_post_title_bg_image_attachment":"","ocean_post_title_bg_image_repeat":"","ocean_post_title_bg_image_size":"","ocean_post_title_height":0,"ocean_post_title_bg_overlay":0.5,"ocean_post_title_bg_overlay_color":"","ocean_disable_breadcrumbs":"default","ocean_breadcrumbs_color":"","ocean_breadcrumbs_separator_color":"","ocean_breadcrumbs_links_color":"","ocean_breadcrumbs_links_hover_color":"","ocean_display_footer_widgets":"default","ocean_display_footer_bottom":"default","ocean_custom_footer_template":"0"},"product_cat":[17],"product_tag":[],"class_list":{"0":"post-512","1":"product","2":"type-product","3":"status-publish","4":"has-post-thumbnail","6":"product_cat-romance-mm","8":"entry","9":"has-media","11":"first","12":"instock","13":"taxable","14":"shipping-taxable","15":"product-type-external","16":"has-product-nav","17":"col","18":"span_1_of_7","19":"owp-content-left","20":"owp-thumbs-layout-horizontal","21":"owp-btn-normal","22":"owp-tabs-layout-horizontal","23":"has-no-thumbnails","25":"circle-sale"},"yoast_head":"<!-- This site is optimized with the Yoast SEO plugin v25.6 - https:\/\/yoast.com\/wordpress\/plugins\/seo\/ -->\n<title>About you and me Just don&#039;t care, T4 - Helene CARUSO Auteure<\/title>\n<meta name=\"robots\" content=\"index, follow, max-snippet:-1, max-image-preview:large, max-video-preview:-1\" \/>\n<link rel=\"canonical\" href=\"https:\/\/helenecaruso.fr\/index.php\/product\/about-you-and-me-just-dont-care-t4\/\" \/>\n<meta property=\"og:locale\" content=\"fr_FR\" \/>\n<meta property=\"og:type\" content=\"article\" \/>\n<meta property=\"og:title\" content=\"About you and me Just don&#039;t care, T4 - Helene CARUSO Auteure\" \/>\n<meta property=\"og:description\" content=\"Voici l&#039;histoire du pompier du groupe, Rod.  Pompier chevronn\u00e9, Rod est heureux dans sa vie. Des amis fid\u00e8les, un job qu&#039;il adore, il ne lui manque que l&#039;amour. Exclusivit\u00e9 Evidence Editions.\" \/>\n<meta property=\"og:url\" content=\"https:\/\/helenecaruso.fr\/index.php\/product\/about-you-and-me-just-dont-care-t4\/\" \/>\n<meta property=\"og:site_name\" content=\"Helene CARUSO Auteure\" \/>\n<meta property=\"article:publisher\" content=\"https:\/\/www.facebook.com\/HeleneCarusoAuteur\/\" \/>\n<meta property=\"article:modified_time\" content=\"2026-03-29T10:46:15+00:00\" \/>\n<meta property=\"og:image\" content=\"https:\/\/i0.wp.com\/helenecaruso.fr\/wp-content\/uploads\/2021\/05\/About-you-and-me-Just-dont-care-T4.jpg?fit=559%2C800&ssl=1\" \/>\n\t<meta property=\"og:image:width\" content=\"559\" \/>\n\t<meta property=\"og:image:height\" content=\"800\" \/>\n\t<meta property=\"og:image:type\" content=\"image\/jpeg\" \/>\n<meta name=\"twitter:card\" content=\"summary_large_image\" \/>\n<meta name=\"twitter:label1\" content=\"Dur\u00e9e de lecture estim\u00e9e\" \/>\n\t<meta name=\"twitter:data1\" content=\"1 minute\" \/>\n<script type=\"application\/ld+json\" class=\"yoast-schema-graph\">{\"@context\":\"https:\/\/schema.org\",\"@graph\":[{\"@type\":\"WebPage\",\"@id\":\"https:\/\/helenecaruso.fr\/index.php\/product\/about-you-and-me-just-dont-care-t4\/\",\"url\":\"https:\/\/helenecaruso.fr\/index.php\/product\/about-you-and-me-just-dont-care-t4\/\",\"name\":\"About you and me Just don't care, T4 - Helene CARUSO Auteure\",\"isPartOf\":{\"@id\":\"https:\/\/helenecaruso.fr\/#website\"},\"primaryImageOfPage\":{\"@id\":\"https:\/\/helenecaruso.fr\/index.php\/product\/about-you-and-me-just-dont-care-t4\/#primaryimage\"},\"image\":{\"@id\":\"https:\/\/helenecaruso.fr\/index.php\/product\/about-you-and-me-just-dont-care-t4\/#primaryimage\"},\"thumbnailUrl\":\"https:\/\/i0.wp.com\/helenecaruso.fr\/wp-content\/uploads\/2021\/05\/About-you-and-me-Just-dont-care-T4.jpg?fit=559%2C800&ssl=1\",\"datePublished\":\"2021-05-19T16:07:55+00:00\",\"dateModified\":\"2026-03-29T10:46:15+00:00\",\"breadcrumb\":{\"@id\":\"https:\/\/helenecaruso.fr\/index.php\/product\/about-you-and-me-just-dont-care-t4\/#breadcrumb\"},\"inLanguage\":\"fr-FR\",\"potentialAction\":[{\"@type\":\"ReadAction\",\"target\":[\"https:\/\/helenecaruso.fr\/index.php\/product\/about-you-and-me-just-dont-care-t4\/\"]}]},{\"@type\":\"ImageObject\",\"inLanguage\":\"fr-FR\",\"@id\":\"https:\/\/helenecaruso.fr\/index.php\/product\/about-you-and-me-just-dont-care-t4\/#primaryimage\",\"url\":\"https:\/\/i0.wp.com\/helenecaruso.fr\/wp-content\/uploads\/2021\/05\/About-you-and-me-Just-dont-care-T4.jpg?fit=559%2C800&ssl=1\",\"contentUrl\":\"https:\/\/i0.wp.com\/helenecaruso.fr\/wp-content\/uploads\/2021\/05\/About-you-and-me-Just-dont-care-T4.jpg?fit=559%2C800&ssl=1\",\"width\":559,\"height\":800},{\"@type\":\"BreadcrumbList\",\"@id\":\"https:\/\/helenecaruso.fr\/index.php\/product\/about-you-and-me-just-dont-care-t4\/#breadcrumb\",\"itemListElement\":[{\"@type\":\"ListItem\",\"position\":1,\"name\":\"Home\",\"item\":\"https:\/\/helenecaruso.fr\/\"},{\"@type\":\"ListItem\",\"position\":2,\"name\":\"Boutique\",\"item\":\"https:\/\/helenecaruso.fr\/index.php\/boutique\/\"},{\"@type\":\"ListItem\",\"position\":3,\"name\":\"About you and me Just don&rsquo;t care, T4\"}]},{\"@type\":\"WebSite\",\"@id\":\"https:\/\/helenecaruso.fr\/#website\",\"url\":\"https:\/\/helenecaruso.fr\/\",\"name\":\"Helene CARUSO Auteure\",\"description\":\"Helene CARUSO Auteure\",\"publisher\":{\"@id\":\"https:\/\/helenecaruso.fr\/#organization\"},\"potentialAction\":[{\"@type\":\"SearchAction\",\"target\":{\"@type\":\"EntryPoint\",\"urlTemplate\":\"https:\/\/helenecaruso.fr\/?s={search_term_string}\"},\"query-input\":{\"@type\":\"PropertyValueSpecification\",\"valueRequired\":true,\"valueName\":\"search_term_string\"}}],\"inLanguage\":\"fr-FR\"},{\"@type\":\"Organization\",\"@id\":\"https:\/\/helenecaruso.fr\/#organization\",\"name\":\"Helene Caruso Company\",\"url\":\"https:\/\/helenecaruso.fr\/\",\"logo\":{\"@type\":\"ImageObject\",\"inLanguage\":\"fr-FR\",\"@id\":\"https:\/\/helenecaruso.fr\/#\/schema\/logo\/image\/\",\"url\":\"https:\/\/helenecaruso.fr\/wp-content\/uploads\/2021\/05\/logo-rond.png\",\"contentUrl\":\"https:\/\/helenecaruso.fr\/wp-content\/uploads\/2021\/05\/logo-rond.png\",\"width\":1903,\"height\":1875,\"caption\":\"Helene Caruso Company\"},\"image\":{\"@id\":\"https:\/\/helenecaruso.fr\/#\/schema\/logo\/image\/\"},\"sameAs\":[\"https:\/\/www.facebook.com\/HeleneCarusoAuteur\/\",\"https:\/\/www.instagram.com\/helene_caruso_auteure\/\"]}]}<\/script>\n<!-- \/ Yoast SEO plugin. -->","yoast_head_json":{"title":"About you and me Just don't care, T4 - Helene CARUSO Auteure","robots":{"index":"index","follow":"follow","max-snippet":"max-snippet:-1","max-image-preview":"max-image-preview:large","max-video-preview":"max-video-preview:-1"},"canonical":"https:\/\/helenecaruso.fr\/index.php\/product\/about-you-and-me-just-dont-care-t4\/","og_locale":"fr_FR","og_type":"article","og_title":"About you and me Just don't care, T4 - Helene CARUSO Auteure","og_description":"Voici l'histoire du pompier du groupe, Rod.  Pompier chevronn\u00e9, Rod est heureux dans sa vie. Des amis fid\u00e8les, un job qu'il adore, il ne lui manque que l'amour. Exclusivit\u00e9 Evidence Editions.","og_url":"https:\/\/helenecaruso.fr\/index.php\/product\/about-you-and-me-just-dont-care-t4\/","og_site_name":"Helene CARUSO Auteure","article_publisher":"https:\/\/www.facebook.com\/HeleneCarusoAuteur\/","article_modified_time":"2026-03-29T10:46:15+00:00","og_image":[{"width":559,"height":800,"url":"https:\/\/i0.wp.com\/helenecaruso.fr\/wp-content\/uploads\/2021\/05\/About-you-and-me-Just-dont-care-T4.jpg?fit=559%2C800&ssl=1","type":"image\/jpeg"}],"twitter_card":"summary_large_image","twitter_misc":{"Dur\u00e9e de lecture estim\u00e9e":"1 minute"},"schema":{"@context":"https:\/\/schema.org","@graph":[{"@type":"WebPage","@id":"https:\/\/helenecaruso.fr\/index.php\/product\/about-you-and-me-just-dont-care-t4\/","url":"https:\/\/helenecaruso.fr\/index.php\/product\/about-you-and-me-just-dont-care-t4\/","name":"About you and me Just don't care, T4 - Helene CARUSO Auteure","isPartOf":{"@id":"https:\/\/helenecaruso.fr\/#website"},"primaryImageOfPage":{"@id":"https:\/\/helenecaruso.fr\/index.php\/product\/about-you-and-me-just-dont-care-t4\/#primaryimage"},"image":{"@id":"https:\/\/helenecaruso.fr\/index.php\/product\/about-you-and-me-just-dont-care-t4\/#primaryimage"},"thumbnailUrl":"https:\/\/i0.wp.com\/helenecaruso.fr\/wp-content\/uploads\/2021\/05\/About-you-and-me-Just-dont-care-T4.jpg?fit=559%2C800&ssl=1","datePublished":"2021-05-19T16:07:55+00:00","dateModified":"2026-03-29T10:46:15+00:00","breadcrumb":{"@id":"https:\/\/helenecaruso.fr\/index.php\/product\/about-you-and-me-just-dont-care-t4\/#breadcrumb"},"inLanguage":"fr-FR","potentialAction":[{"@type":"ReadAction","target":["https:\/\/helenecaruso.fr\/index.php\/product\/about-you-and-me-just-dont-care-t4\/"]}]},{"@type":"ImageObject","inLanguage":"fr-FR","@id":"https:\/\/helenecaruso.fr\/index.php\/product\/about-you-and-me-just-dont-care-t4\/#primaryimage","url":"https:\/\/i0.wp.com\/helenecaruso.fr\/wp-content\/uploads\/2021\/05\/About-you-and-me-Just-dont-care-T4.jpg?fit=559%2C800&ssl=1","contentUrl":"https:\/\/i0.wp.com\/helenecaruso.fr\/wp-content\/uploads\/2021\/05\/About-you-and-me-Just-dont-care-T4.jpg?fit=559%2C800&ssl=1","width":559,"height":800},{"@type":"BreadcrumbList","@id":"https:\/\/helenecaruso.fr\/index.php\/product\/about-you-and-me-just-dont-care-t4\/#breadcrumb","itemListElement":[{"@type":"ListItem","position":1,"name":"Home","item":"https:\/\/helenecaruso.fr\/"},{"@type":"ListItem","position":2,"name":"Boutique","item":"https:\/\/helenecaruso.fr\/index.php\/boutique\/"},{"@type":"ListItem","position":3,"name":"About you and me Just don&rsquo;t care, T4"}]},{"@type":"WebSite","@id":"https:\/\/helenecaruso.fr\/#website","url":"https:\/\/helenecaruso.fr\/","name":"Helene CARUSO Auteure","description":"Helene CARUSO Auteure","publisher":{"@id":"https:\/\/helenecaruso.fr\/#organization"},"potentialAction":[{"@type":"SearchAction","target":{"@type":"EntryPoint","urlTemplate":"https:\/\/helenecaruso.fr\/?s={search_term_string}"},"query-input":{"@type":"PropertyValueSpecification","valueRequired":true,"valueName":"search_term_string"}}],"inLanguage":"fr-FR"},{"@type":"Organization","@id":"https:\/\/helenecaruso.fr\/#organization","name":"Helene Caruso Company","url":"https:\/\/helenecaruso.fr\/","logo":{"@type":"ImageObject","inLanguage":"fr-FR","@id":"https:\/\/helenecaruso.fr\/#\/schema\/logo\/image\/","url":"https:\/\/helenecaruso.fr\/wp-content\/uploads\/2021\/05\/logo-rond.png","contentUrl":"https:\/\/helenecaruso.fr\/wp-content\/uploads\/2021\/05\/logo-rond.png","width":1903,"height":1875,"caption":"Helene Caruso Company"},"image":{"@id":"https:\/\/helenecaruso.fr\/#\/schema\/logo\/image\/"},"sameAs":["https:\/\/www.facebook.com\/HeleneCarusoAuteur\/","https:\/\/www.instagram.com\/helene_caruso_auteure\/"]}]}},"jetpack_sharing_enabled":true,"_links":{"self":[{"href":"https:\/\/helenecaruso.fr\/index.php\/wp-json\/wp\/v2\/product\/512"}],"collection":[{"href":"https:\/\/helenecaruso.fr\/index.php\/wp-json\/wp\/v2\/product"}],"about":[{"href":"https:\/\/helenecaruso.fr\/index.php\/wp-json\/wp\/v2\/types\/product"}],"replies":[{"embeddable":true,"href":"https:\/\/helenecaruso.fr\/index.php\/wp-json\/wp\/v2\/comments?post=512"}],"version-history":[{"count":8,"href":"https:\/\/helenecaruso.fr\/index.php\/wp-json\/wp\/v2\/product\/512\/revisions"}],"predecessor-version":[{"id":1709,"href":"https:\/\/helenecaruso.fr\/index.php\/wp-json\/wp\/v2\/product\/512\/revisions\/1709"}],"wp:featuredmedia":[{"embeddable":true,"href":"https:\/\/helenecaruso.fr\/index.php\/wp-json\/wp\/v2\/media\/514"}],"wp:attachment":[{"href":"https:\/\/helenecaruso.fr\/index.php\/wp-json\/wp\/v2\/media?parent=512"}],"wp:term":[{"taxonomy":"product_cat","embeddable":true,"href":"https:\/\/helenecaruso.fr\/index.php\/wp-json\/wp\/v2\/product_cat?post=512"},{"taxonomy":"product_tag","embeddable":true,"href":"https:\/\/helenecaruso.fr\/index.php\/wp-json\/wp\/v2\/product_tag?post=512"}],"curies":[{"name":"wp","href":"https:\/\/api.w.org\/{rel}","templated":true}]}}