{"id":517,"date":"2021-05-19T18:10:36","date_gmt":"2021-05-19T16:10:36","guid":{"rendered":"https:\/\/helenecaruso.fr\/?post_type=product&#038;p=517"},"modified":"2025-04-23T13:33:02","modified_gmt":"2025-04-23T11:33:02","slug":"me-and-my-broken-heart-just-dont-care-t5","status":"publish","type":"product","link":"https:\/\/helenecaruso.fr\/index.php\/product\/me-and-my-broken-heart-just-dont-care-t5\/","title":{"rendered":"Me and my broken heart: Just don&rsquo;t care, T5"},"content":{"rendered":"<p><strong>Secret d\u2019auteur : Lorsque j\u2019ai diffus\u00e9 mon tome 1 sur Wattpad, King est tr\u00e8s vite devenu le pr\u00e9f\u00e9r\u00e9 des lectrices. King est litt\u00e9ralement la maman du groupe. Surnomm\u00e9 \u00a0\u00bbMaman ours\u00a0\u00bb, il veille sur ses amis, quitte \u00e0 s&rsquo;oublier. Encore un trait de mon propre caract\u00e8re.<\/strong><!--more--><\/p>\n<p>Propri\u00e9taire d&rsquo;une salle de fitness qui porte son nom, King, 35 ans, est \u00e9galement titulaire d\u2019un dipl\u00f4me de kin\u00e9sith\u00e9rapeute. Un soir d\u2019hiver, Anthony, un ami d&rsquo;enfance, le contacte pour lui demander de s&rsquo;occuper de Ryder, son petit fr\u00e8re de 20 ans, victime d&rsquo;un accident de cheval. Toujours pr\u00eat \u00e0 rendre service, King n&rsquo;h\u00e9site pas et r\u00e9pond imm\u00e9diatement pr\u00e9sent. Il ne se doute pas un seul instant qu&rsquo;il va devoir habiter quelques temps dans le ranch de ce mec ultra sexy, bloqu\u00e9 par une temp\u00eate de neige. Ryder accepte mal sa condition et se montre particuli\u00e8rement d\u00e9sagr\u00e9able avec King. Mais c\u2019est sans compter la t\u00e9nacit\u00e9 du beau tatou\u00e9. L\u2019attirance que ressentent les deux hommes met \u00e0 mal les convictions de King. La diff\u00e9rence d\u2019\u00e2ge lui semble trop importante et las de souffrir, il pr\u00e9f\u00e8re mettre un terme \u00e0 leur idylle, quitte \u00e0 perdre Ryder.<\/p>\n","protected":false},"excerpt":{"rendered":"<p><b><em><strong>Exclusivit\u00e9 Evidence Editions.<\/strong><\/em><\/b><\/p>\n<p><b>Voici<\/b><strong>\u00a0l&rsquo;histoire de King.<\/strong><\/p>\n<p>\u200bPropri\u00e9taire d&rsquo;une salle de fitness qui porte son nom, King, 35 ans, est \u00e9galement titulaire d\u2019un dipl\u00f4me de kin\u00e9sith\u00e9rapeute.<\/p>\n","protected":false},"featured_media":2000,"comment_status":"open","ping_status":"closed","template":"","meta":{"ocean_post_layout":"","ocean_both_sidebars_style":"","ocean_both_sidebars_content_width":0,"ocean_both_sidebars_sidebars_width":0,"ocean_sidebar":"0","ocean_second_sidebar":"0","ocean_disable_margins":"enable","ocean_add_body_class":"","ocean_shortcode_before_top_bar":"","ocean_shortcode_after_top_bar":"","ocean_shortcode_before_header":"","ocean_shortcode_after_header":"","ocean_has_shortcode":"","ocean_shortcode_after_title":"","ocean_shortcode_before_footer_widgets":"","ocean_shortcode_after_footer_widgets":"","ocean_shortcode_before_footer_bottom":"","ocean_shortcode_after_footer_bottom":"","ocean_display_top_bar":"default","ocean_display_header":"default","ocean_header_style":"","ocean_center_header_left_menu":"0","ocean_custom_header_template":"0","ocean_custom_logo":0,"ocean_custom_retina_logo":0,"ocean_custom_logo_max_width":0,"ocean_custom_logo_tablet_max_width":0,"ocean_custom_logo_mobile_max_width":0,"ocean_custom_logo_max_height":0,"ocean_custom_logo_tablet_max_height":0,"ocean_custom_logo_mobile_max_height":0,"ocean_header_custom_menu":"0","ocean_menu_typo_font_family":"0","ocean_menu_typo_font_subset":"","ocean_menu_typo_font_size":0,"ocean_menu_typo_font_size_tablet":0,"ocean_menu_typo_font_size_mobile":0,"ocean_menu_typo_font_size_unit":"px","ocean_menu_typo_font_weight":"","ocean_menu_typo_font_weight_tablet":"","ocean_menu_typo_font_weight_mobile":"","ocean_menu_typo_transform":"","ocean_menu_typo_transform_tablet":"","ocean_menu_typo_transform_mobile":"","ocean_menu_typo_line_height":0,"ocean_menu_typo_line_height_tablet":0,"ocean_menu_typo_line_height_mobile":0,"ocean_menu_typo_line_height_unit":"","ocean_menu_typo_spacing":0,"ocean_menu_typo_spacing_tablet":0,"ocean_menu_typo_spacing_mobile":0,"ocean_menu_typo_spacing_unit":"","ocean_menu_link_color":"","ocean_menu_link_color_hover":"","ocean_menu_link_color_active":"","ocean_menu_link_background":"","ocean_menu_link_hover_background":"","ocean_menu_link_active_background":"","ocean_menu_social_links_bg":"","ocean_menu_social_hover_links_bg":"","ocean_menu_social_links_color":"","ocean_menu_social_hover_links_color":"","ocean_disable_title":"on","ocean_disable_heading":"default","ocean_post_title":"","ocean_post_subheading":"","ocean_post_title_style":"","ocean_post_title_background_color":"","ocean_post_title_background":0,"ocean_post_title_bg_image_position":"","ocean_post_title_bg_image_attachment":"","ocean_post_title_bg_image_repeat":"","ocean_post_title_bg_image_size":"","ocean_post_title_height":0,"ocean_post_title_bg_overlay":0.5,"ocean_post_title_bg_overlay_color":"","ocean_disable_breadcrumbs":"default","ocean_breadcrumbs_color":"","ocean_breadcrumbs_separator_color":"","ocean_breadcrumbs_links_color":"","ocean_breadcrumbs_links_hover_color":"","ocean_display_footer_widgets":"default","ocean_display_footer_bottom":"default","ocean_custom_footer_template":"0"},"product_cat":[17],"product_tag":[],"class_list":{"0":"post-517","1":"product","2":"type-product","3":"status-publish","4":"has-post-thumbnail","6":"product_cat-romance-mm","8":"entry","9":"has-media","11":"first","12":"instock","13":"taxable","14":"shipping-taxable","15":"product-type-external","16":"has-product-nav","17":"col","18":"span_1_of_7","19":"owp-content-left","20":"owp-thumbs-layout-horizontal","21":"owp-btn-normal","22":"owp-tabs-layout-horizontal","23":"has-no-thumbnails","25":"circle-sale"},"yoast_head":"<!-- This site is optimized with the Yoast SEO plugin v25.6 - https:\/\/yoast.com\/wordpress\/plugins\/seo\/ -->\n<title>Me and my broken heart: Just don&#039;t care, T5 - Helene CARUSO Auteure<\/title>\n<meta name=\"robots\" content=\"index, follow, max-snippet:-1, max-image-preview:large, max-video-preview:-1\" \/>\n<link rel=\"canonical\" href=\"https:\/\/helenecaruso.fr\/index.php\/product\/me-and-my-broken-heart-just-dont-care-t5\/\" \/>\n<meta property=\"og:locale\" content=\"fr_FR\" \/>\n<meta property=\"og:type\" content=\"article\" \/>\n<meta property=\"og:title\" content=\"Me and my broken heart: Just don&#039;t care, T5 - Helene CARUSO Auteure\" \/>\n<meta property=\"og:description\" content=\"Exclusivit\u00e9 Evidence Editions.  Voici\u00a0l&#039;histoire de King.  \u200bPropri\u00e9taire d&#039;une salle de fitness qui porte son nom, King, 35 ans, est \u00e9galement titulaire d\u2019un dipl\u00f4me de kin\u00e9sith\u00e9rapeute.\" \/>\n<meta property=\"og:url\" content=\"https:\/\/helenecaruso.fr\/index.php\/product\/me-and-my-broken-heart-just-dont-care-t5\/\" \/>\n<meta property=\"og:site_name\" content=\"Helene CARUSO Auteure\" \/>\n<meta property=\"article:publisher\" content=\"https:\/\/www.facebook.com\/HeleneCarusoAuteur\/\" \/>\n<meta property=\"article:modified_time\" content=\"2025-04-23T11:33:02+00:00\" \/>\n<meta property=\"og:image\" content=\"https:\/\/helenecaruso.fr\/wp-content\/uploads\/2021\/05\/Just-dont-care-5-nouvelle-couverture.jpg\" \/>\n\t<meta property=\"og:image:width\" content=\"894\" \/>\n\t<meta property=\"og:image:height\" content=\"1280\" \/>\n\t<meta property=\"og:image:type\" content=\"image\/jpeg\" \/>\n<meta name=\"twitter:card\" content=\"summary_large_image\" \/>\n<meta name=\"twitter:label1\" content=\"Dur\u00e9e de lecture estim\u00e9e\" \/>\n\t<meta name=\"twitter:data1\" content=\"1 minute\" \/>\n<script type=\"application\/ld+json\" class=\"yoast-schema-graph\">{\"@context\":\"https:\/\/schema.org\",\"@graph\":[{\"@type\":\"WebPage\",\"@id\":\"https:\/\/helenecaruso.fr\/index.php\/product\/me-and-my-broken-heart-just-dont-care-t5\/\",\"url\":\"https:\/\/helenecaruso.fr\/index.php\/product\/me-and-my-broken-heart-just-dont-care-t5\/\",\"name\":\"Me and my broken heart: Just don't care, T5 - Helene CARUSO Auteure\",\"isPartOf\":{\"@id\":\"https:\/\/helenecaruso.fr\/#website\"},\"primaryImageOfPage\":{\"@id\":\"https:\/\/helenecaruso.fr\/index.php\/product\/me-and-my-broken-heart-just-dont-care-t5\/#primaryimage\"},\"image\":{\"@id\":\"https:\/\/helenecaruso.fr\/index.php\/product\/me-and-my-broken-heart-just-dont-care-t5\/#primaryimage\"},\"thumbnailUrl\":\"https:\/\/i0.wp.com\/helenecaruso.fr\/wp-content\/uploads\/2021\/05\/Just-dont-care-5-nouvelle-couverture.jpg?fit=894%2C1280&ssl=1\",\"datePublished\":\"2021-05-19T16:10:36+00:00\",\"dateModified\":\"2025-04-23T11:33:02+00:00\",\"breadcrumb\":{\"@id\":\"https:\/\/helenecaruso.fr\/index.php\/product\/me-and-my-broken-heart-just-dont-care-t5\/#breadcrumb\"},\"inLanguage\":\"fr-FR\",\"potentialAction\":[{\"@type\":\"ReadAction\",\"target\":[\"https:\/\/helenecaruso.fr\/index.php\/product\/me-and-my-broken-heart-just-dont-care-t5\/\"]}]},{\"@type\":\"ImageObject\",\"inLanguage\":\"fr-FR\",\"@id\":\"https:\/\/helenecaruso.fr\/index.php\/product\/me-and-my-broken-heart-just-dont-care-t5\/#primaryimage\",\"url\":\"https:\/\/i0.wp.com\/helenecaruso.fr\/wp-content\/uploads\/2021\/05\/Just-dont-care-5-nouvelle-couverture.jpg?fit=894%2C1280&ssl=1\",\"contentUrl\":\"https:\/\/i0.wp.com\/helenecaruso.fr\/wp-content\/uploads\/2021\/05\/Just-dont-care-5-nouvelle-couverture.jpg?fit=894%2C1280&ssl=1\",\"width\":894,\"height\":1280},{\"@type\":\"BreadcrumbList\",\"@id\":\"https:\/\/helenecaruso.fr\/index.php\/product\/me-and-my-broken-heart-just-dont-care-t5\/#breadcrumb\",\"itemListElement\":[{\"@type\":\"ListItem\",\"position\":1,\"name\":\"Home\",\"item\":\"https:\/\/helenecaruso.fr\/\"},{\"@type\":\"ListItem\",\"position\":2,\"name\":\"Boutique\",\"item\":\"https:\/\/helenecaruso.fr\/index.php\/boutique\/\"},{\"@type\":\"ListItem\",\"position\":3,\"name\":\"Me and my broken heart: Just don&#8217;t care, T5\"}]},{\"@type\":\"WebSite\",\"@id\":\"https:\/\/helenecaruso.fr\/#website\",\"url\":\"https:\/\/helenecaruso.fr\/\",\"name\":\"Helene CARUSO Auteure\",\"description\":\"Helene CARUSO Auteure\",\"publisher\":{\"@id\":\"https:\/\/helenecaruso.fr\/#organization\"},\"potentialAction\":[{\"@type\":\"SearchAction\",\"target\":{\"@type\":\"EntryPoint\",\"urlTemplate\":\"https:\/\/helenecaruso.fr\/?s={search_term_string}\"},\"query-input\":{\"@type\":\"PropertyValueSpecification\",\"valueRequired\":true,\"valueName\":\"search_term_string\"}}],\"inLanguage\":\"fr-FR\"},{\"@type\":\"Organization\",\"@id\":\"https:\/\/helenecaruso.fr\/#organization\",\"name\":\"Helene Caruso Company\",\"url\":\"https:\/\/helenecaruso.fr\/\",\"logo\":{\"@type\":\"ImageObject\",\"inLanguage\":\"fr-FR\",\"@id\":\"https:\/\/helenecaruso.fr\/#\/schema\/logo\/image\/\",\"url\":\"https:\/\/helenecaruso.fr\/wp-content\/uploads\/2021\/05\/logo-rond.png\",\"contentUrl\":\"https:\/\/helenecaruso.fr\/wp-content\/uploads\/2021\/05\/logo-rond.png\",\"width\":1903,\"height\":1875,\"caption\":\"Helene Caruso Company\"},\"image\":{\"@id\":\"https:\/\/helenecaruso.fr\/#\/schema\/logo\/image\/\"},\"sameAs\":[\"https:\/\/www.facebook.com\/HeleneCarusoAuteur\/\",\"https:\/\/www.instagram.com\/helene_caruso_auteure\/\"]}]}<\/script>\n<!-- \/ Yoast SEO plugin. -->","yoast_head_json":{"title":"Me and my broken heart: Just don't care, T5 - Helene CARUSO Auteure","robots":{"index":"index","follow":"follow","max-snippet":"max-snippet:-1","max-image-preview":"max-image-preview:large","max-video-preview":"max-video-preview:-1"},"canonical":"https:\/\/helenecaruso.fr\/index.php\/product\/me-and-my-broken-heart-just-dont-care-t5\/","og_locale":"fr_FR","og_type":"article","og_title":"Me and my broken heart: Just don't care, T5 - Helene CARUSO Auteure","og_description":"Exclusivit\u00e9 Evidence Editions.  Voici\u00a0l'histoire de King.  \u200bPropri\u00e9taire d'une salle de fitness qui porte son nom, King, 35 ans, est \u00e9galement titulaire d\u2019un dipl\u00f4me de kin\u00e9sith\u00e9rapeute.","og_url":"https:\/\/helenecaruso.fr\/index.php\/product\/me-and-my-broken-heart-just-dont-care-t5\/","og_site_name":"Helene CARUSO Auteure","article_publisher":"https:\/\/www.facebook.com\/HeleneCarusoAuteur\/","article_modified_time":"2025-04-23T11:33:02+00:00","og_image":[{"width":894,"height":1280,"url":"https:\/\/helenecaruso.fr\/wp-content\/uploads\/2021\/05\/Just-dont-care-5-nouvelle-couverture.jpg","type":"image\/jpeg"}],"twitter_card":"summary_large_image","twitter_misc":{"Dur\u00e9e de lecture estim\u00e9e":"1 minute"},"schema":{"@context":"https:\/\/schema.org","@graph":[{"@type":"WebPage","@id":"https:\/\/helenecaruso.fr\/index.php\/product\/me-and-my-broken-heart-just-dont-care-t5\/","url":"https:\/\/helenecaruso.fr\/index.php\/product\/me-and-my-broken-heart-just-dont-care-t5\/","name":"Me and my broken heart: Just don't care, T5 - Helene CARUSO Auteure","isPartOf":{"@id":"https:\/\/helenecaruso.fr\/#website"},"primaryImageOfPage":{"@id":"https:\/\/helenecaruso.fr\/index.php\/product\/me-and-my-broken-heart-just-dont-care-t5\/#primaryimage"},"image":{"@id":"https:\/\/helenecaruso.fr\/index.php\/product\/me-and-my-broken-heart-just-dont-care-t5\/#primaryimage"},"thumbnailUrl":"https:\/\/i0.wp.com\/helenecaruso.fr\/wp-content\/uploads\/2021\/05\/Just-dont-care-5-nouvelle-couverture.jpg?fit=894%2C1280&ssl=1","datePublished":"2021-05-19T16:10:36+00:00","dateModified":"2025-04-23T11:33:02+00:00","breadcrumb":{"@id":"https:\/\/helenecaruso.fr\/index.php\/product\/me-and-my-broken-heart-just-dont-care-t5\/#breadcrumb"},"inLanguage":"fr-FR","potentialAction":[{"@type":"ReadAction","target":["https:\/\/helenecaruso.fr\/index.php\/product\/me-and-my-broken-heart-just-dont-care-t5\/"]}]},{"@type":"ImageObject","inLanguage":"fr-FR","@id":"https:\/\/helenecaruso.fr\/index.php\/product\/me-and-my-broken-heart-just-dont-care-t5\/#primaryimage","url":"https:\/\/i0.wp.com\/helenecaruso.fr\/wp-content\/uploads\/2021\/05\/Just-dont-care-5-nouvelle-couverture.jpg?fit=894%2C1280&ssl=1","contentUrl":"https:\/\/i0.wp.com\/helenecaruso.fr\/wp-content\/uploads\/2021\/05\/Just-dont-care-5-nouvelle-couverture.jpg?fit=894%2C1280&ssl=1","width":894,"height":1280},{"@type":"BreadcrumbList","@id":"https:\/\/helenecaruso.fr\/index.php\/product\/me-and-my-broken-heart-just-dont-care-t5\/#breadcrumb","itemListElement":[{"@type":"ListItem","position":1,"name":"Home","item":"https:\/\/helenecaruso.fr\/"},{"@type":"ListItem","position":2,"name":"Boutique","item":"https:\/\/helenecaruso.fr\/index.php\/boutique\/"},{"@type":"ListItem","position":3,"name":"Me and my broken heart: Just don&#8217;t care, T5"}]},{"@type":"WebSite","@id":"https:\/\/helenecaruso.fr\/#website","url":"https:\/\/helenecaruso.fr\/","name":"Helene CARUSO Auteure","description":"Helene CARUSO Auteure","publisher":{"@id":"https:\/\/helenecaruso.fr\/#organization"},"potentialAction":[{"@type":"SearchAction","target":{"@type":"EntryPoint","urlTemplate":"https:\/\/helenecaruso.fr\/?s={search_term_string}"},"query-input":{"@type":"PropertyValueSpecification","valueRequired":true,"valueName":"search_term_string"}}],"inLanguage":"fr-FR"},{"@type":"Organization","@id":"https:\/\/helenecaruso.fr\/#organization","name":"Helene Caruso Company","url":"https:\/\/helenecaruso.fr\/","logo":{"@type":"ImageObject","inLanguage":"fr-FR","@id":"https:\/\/helenecaruso.fr\/#\/schema\/logo\/image\/","url":"https:\/\/helenecaruso.fr\/wp-content\/uploads\/2021\/05\/logo-rond.png","contentUrl":"https:\/\/helenecaruso.fr\/wp-content\/uploads\/2021\/05\/logo-rond.png","width":1903,"height":1875,"caption":"Helene Caruso Company"},"image":{"@id":"https:\/\/helenecaruso.fr\/#\/schema\/logo\/image\/"},"sameAs":["https:\/\/www.facebook.com\/HeleneCarusoAuteur\/","https:\/\/www.instagram.com\/helene_caruso_auteure\/"]}]}},"jetpack_sharing_enabled":true,"_links":{"self":[{"href":"https:\/\/helenecaruso.fr\/index.php\/wp-json\/wp\/v2\/product\/517"}],"collection":[{"href":"https:\/\/helenecaruso.fr\/index.php\/wp-json\/wp\/v2\/product"}],"about":[{"href":"https:\/\/helenecaruso.fr\/index.php\/wp-json\/wp\/v2\/types\/product"}],"replies":[{"embeddable":true,"href":"https:\/\/helenecaruso.fr\/index.php\/wp-json\/wp\/v2\/comments?post=517"}],"version-history":[{"count":7,"href":"https:\/\/helenecaruso.fr\/index.php\/wp-json\/wp\/v2\/product\/517\/revisions"}],"predecessor-version":[{"id":521,"href":"https:\/\/helenecaruso.fr\/index.php\/wp-json\/wp\/v2\/product\/517\/revisions\/521"}],"wp:featuredmedia":[{"embeddable":true,"href":"https:\/\/helenecaruso.fr\/index.php\/wp-json\/wp\/v2\/media\/2000"}],"wp:attachment":[{"href":"https:\/\/helenecaruso.fr\/index.php\/wp-json\/wp\/v2\/media?parent=517"}],"wp:term":[{"taxonomy":"product_cat","embeddable":true,"href":"https:\/\/helenecaruso.fr\/index.php\/wp-json\/wp\/v2\/product_cat?post=517"},{"taxonomy":"product_tag","embeddable":true,"href":"https:\/\/helenecaruso.fr\/index.php\/wp-json\/wp\/v2\/product_tag?post=517"}],"curies":[{"name":"wp","href":"https:\/\/api.w.org\/{rel}","templated":true}]}}