{"id":754,"date":"2021-06-23T14:48:27","date_gmt":"2021-06-23T12:48:27","guid":{"rendered":"https:\/\/helenecaruso.fr\/?post_type=product&#038;p=754"},"modified":"2021-08-10T15:26:12","modified_gmt":"2021-08-10T13:26:12","slug":"demain-commence-aujourdhui","status":"publish","type":"product","link":"https:\/\/helenecaruso.fr\/index.php\/product\/demain-commence-aujourdhui\/","title":{"rendered":"Demain commence aujourd&rsquo;hui"},"content":{"rendered":"<p><strong>Secret d&rsquo;auteur : J&rsquo;ai voulu \u00e9crire un roman plus sombre, plus intimiste que les autres. A travers des personnages principaux bless\u00e9s ou cruels et des personnages secondaires frais et attachants, j&rsquo;ai v\u00e9hicul\u00e9 des messages forts. Ce roman a \u00e9t\u00e9 \u00e9crit avec mes larmes.<\/strong><!--more--><\/p>\n<p>\u00c0 vingt-cinq ans, Remi Dickinson a un lourd pass\u00e9. Adopt\u00e9e \u00e0 l&rsquo;\u00e2ge de quatre ans par un couple de p\u00e9dophiles, elle r\u00e9ussit \u00e0 leur \u00e9chapper en fuyant San Francisco pour New York o\u00f9 elle travaille comme serveuse puis s&rsquo;inscrit en fac de droit. Darren Camden est un parrain de la drogue ultra-violent. Implant\u00e9 dans tout New-York et m\u00eame au-del\u00e0 des fronti\u00e8res, il r\u00e8gne sur son business et n&rsquo;h\u00e9site pas \u00e0 supprimer tous ceux qui se dressent sur son chemin. Un soir, venant r\u00e9gler des comptes avec un de ses clients, Darren capture Remi et l&rsquo;oblige \u00e0 le suivre dans son manoir.<\/p>\n","protected":false},"excerpt":{"rendered":"<p><strong><i><span class=\"markyeqrzx3ln\" data-markjs=\"true\" data-ogac=\"\" data-ogab=\"\" data-ogsc=\"\" data-ogsb=\"\">1er<\/span>\u00a0Prix \u00a0\u00bbL&rsquo;Encre et les Mots 2020\u00a0\u00bb du roman \u00e9rotique pour Demain commence aujourd&rsquo;hui. D\u00e9cern\u00e9 lors du salon du livre de La Rochelle, le jury de ce salon \u00e9tait compos\u00e9 de professionnels du livre, libraires et biblioth\u00e9caires.<\/i><\/strong><\/p>\n<h2><span style=\"color: #0000ff;\"><a style=\"color: #0000ff;\" href=\"https:\/\/evidence-boutique.com\/enae\/demain-commence-aujourd-hui#\/26-formats-numerique_epub\"><b><em><strong>Exclusivit\u00e9 Evidence Editions.<\/strong><\/em><\/b><\/a><\/span><\/h2>\n<p>&nbsp;<\/p>\n","protected":false},"featured_media":1271,"comment_status":"open","ping_status":"closed","template":"","meta":{"ocean_post_layout":"","ocean_both_sidebars_style":"","ocean_both_sidebars_content_width":0,"ocean_both_sidebars_sidebars_width":0,"ocean_sidebar":"0","ocean_second_sidebar":"0","ocean_disable_margins":"enable","ocean_add_body_class":"","ocean_shortcode_before_top_bar":"","ocean_shortcode_after_top_bar":"","ocean_shortcode_before_header":"","ocean_shortcode_after_header":"","ocean_has_shortcode":"","ocean_shortcode_after_title":"","ocean_shortcode_before_footer_widgets":"","ocean_shortcode_after_footer_widgets":"","ocean_shortcode_before_footer_bottom":"","ocean_shortcode_after_footer_bottom":"","ocean_display_top_bar":"default","ocean_display_header":"default","ocean_header_style":"","ocean_center_header_left_menu":"0","ocean_custom_header_template":"0","ocean_custom_logo":0,"ocean_custom_retina_logo":0,"ocean_custom_logo_max_width":0,"ocean_custom_logo_tablet_max_width":0,"ocean_custom_logo_mobile_max_width":0,"ocean_custom_logo_max_height":0,"ocean_custom_logo_tablet_max_height":0,"ocean_custom_logo_mobile_max_height":0,"ocean_header_custom_menu":"0","ocean_menu_typo_font_family":"0","ocean_menu_typo_font_subset":"","ocean_menu_typo_font_size":0,"ocean_menu_typo_font_size_tablet":0,"ocean_menu_typo_font_size_mobile":0,"ocean_menu_typo_font_size_unit":"px","ocean_menu_typo_font_weight":"","ocean_menu_typo_font_weight_tablet":"","ocean_menu_typo_font_weight_mobile":"","ocean_menu_typo_transform":"","ocean_menu_typo_transform_tablet":"","ocean_menu_typo_transform_mobile":"","ocean_menu_typo_line_height":0,"ocean_menu_typo_line_height_tablet":0,"ocean_menu_typo_line_height_mobile":0,"ocean_menu_typo_line_height_unit":"","ocean_menu_typo_spacing":0,"ocean_menu_typo_spacing_tablet":0,"ocean_menu_typo_spacing_mobile":0,"ocean_menu_typo_spacing_unit":"","ocean_menu_link_color":"","ocean_menu_link_color_hover":"","ocean_menu_link_color_active":"","ocean_menu_link_background":"","ocean_menu_link_hover_background":"","ocean_menu_link_active_background":"","ocean_menu_social_links_bg":"","ocean_menu_social_hover_links_bg":"","ocean_menu_social_links_color":"","ocean_menu_social_hover_links_color":"","ocean_disable_title":"on","ocean_disable_heading":"default","ocean_post_title":"","ocean_post_subheading":"","ocean_post_title_style":"","ocean_post_title_background_color":"","ocean_post_title_background":0,"ocean_post_title_bg_image_position":"","ocean_post_title_bg_image_attachment":"","ocean_post_title_bg_image_repeat":"","ocean_post_title_bg_image_size":"","ocean_post_title_height":0,"ocean_post_title_bg_overlay":0.5,"ocean_post_title_bg_overlay_color":"","ocean_disable_breadcrumbs":"off","ocean_breadcrumbs_color":"","ocean_breadcrumbs_separator_color":"","ocean_breadcrumbs_links_color":"","ocean_breadcrumbs_links_hover_color":"","ocean_display_footer_widgets":"default","ocean_display_footer_bottom":"default","ocean_custom_footer_template":"0"},"product_cat":[37,24],"product_tag":[],"class_list":{"0":"post-754","1":"product","2":"type-product","3":"status-publish","4":"has-post-thumbnail","6":"product_cat-prix-et-distinctions","7":"product_cat-romance-mf","9":"entry","10":"has-media","12":"first","13":"instock","14":"taxable","15":"shipping-taxable","16":"product-type-external","17":"has-rating","18":"has-product-nav","19":"col","20":"span_1_of_7","21":"owp-content-left","22":"owp-thumbs-layout-horizontal","23":"owp-btn-normal","24":"owp-tabs-layout-horizontal","25":"has-no-thumbnails","27":"circle-sale"},"yoast_head":"<!-- This site is optimized with the Yoast SEO plugin v25.6 - https:\/\/yoast.com\/wordpress\/plugins\/seo\/ -->\n<title>Demain commence aujourd&#039;hui - Helene CARUSO Auteure<\/title>\n<meta name=\"robots\" content=\"index, follow, max-snippet:-1, max-image-preview:large, max-video-preview:-1\" \/>\n<link rel=\"canonical\" href=\"https:\/\/helenecaruso.fr\/index.php\/product\/demain-commence-aujourdhui\/\" \/>\n<meta property=\"og:locale\" content=\"fr_FR\" \/>\n<meta property=\"og:type\" content=\"article\" \/>\n<meta property=\"og:title\" content=\"Demain commence aujourd&#039;hui - Helene CARUSO Auteure\" \/>\n<meta property=\"og:description\" content=\"1er\u00a0Prix &#039;&#039;L&#039;Encre et les Mots 2020&#039;&#039; du roman \u00e9rotique pour Demain commence aujourd&#039;hui. D\u00e9cern\u00e9 lors du salon du livre de La Rochelle, le jury de ce salon \u00e9tait compos\u00e9 de professionnels du livre, libraires et biblioth\u00e9caires. Exclusivit\u00e9 Evidence Editions. &nbsp;\" \/>\n<meta property=\"og:url\" content=\"https:\/\/helenecaruso.fr\/index.php\/product\/demain-commence-aujourdhui\/\" \/>\n<meta property=\"og:site_name\" content=\"Helene CARUSO Auteure\" \/>\n<meta property=\"article:publisher\" content=\"https:\/\/www.facebook.com\/HeleneCarusoAuteur\/\" \/>\n<meta property=\"article:modified_time\" content=\"2021-08-10T13:26:12+00:00\" \/>\n<meta property=\"og:image\" content=\"https:\/\/i1.wp.com\/helenecaruso.fr\/wp-content\/uploads\/2021\/06\/demain-commence-aujourd-hui.jpg?fit=326%2C468&ssl=1\" \/>\n\t<meta property=\"og:image:width\" content=\"326\" \/>\n\t<meta property=\"og:image:height\" content=\"468\" \/>\n\t<meta property=\"og:image:type\" content=\"image\/jpeg\" \/>\n<meta name=\"twitter:card\" content=\"summary_large_image\" \/>\n<meta name=\"twitter:label1\" content=\"Dur\u00e9e de lecture estim\u00e9e\" \/>\n\t<meta name=\"twitter:data1\" content=\"1 minute\" \/>\n<script type=\"application\/ld+json\" class=\"yoast-schema-graph\">{\"@context\":\"https:\/\/schema.org\",\"@graph\":[{\"@type\":\"WebPage\",\"@id\":\"https:\/\/helenecaruso.fr\/index.php\/product\/demain-commence-aujourdhui\/\",\"url\":\"https:\/\/helenecaruso.fr\/index.php\/product\/demain-commence-aujourdhui\/\",\"name\":\"Demain commence aujourd'hui - Helene CARUSO Auteure\",\"isPartOf\":{\"@id\":\"https:\/\/helenecaruso.fr\/#website\"},\"primaryImageOfPage\":{\"@id\":\"https:\/\/helenecaruso.fr\/index.php\/product\/demain-commence-aujourdhui\/#primaryimage\"},\"image\":{\"@id\":\"https:\/\/helenecaruso.fr\/index.php\/product\/demain-commence-aujourdhui\/#primaryimage\"},\"thumbnailUrl\":\"https:\/\/i0.wp.com\/helenecaruso.fr\/wp-content\/uploads\/2021\/06\/demain-commence-aujourd-hui.jpg?fit=326%2C468&ssl=1\",\"datePublished\":\"2021-06-23T12:48:27+00:00\",\"dateModified\":\"2021-08-10T13:26:12+00:00\",\"breadcrumb\":{\"@id\":\"https:\/\/helenecaruso.fr\/index.php\/product\/demain-commence-aujourdhui\/#breadcrumb\"},\"inLanguage\":\"fr-FR\",\"potentialAction\":[{\"@type\":\"ReadAction\",\"target\":[\"https:\/\/helenecaruso.fr\/index.php\/product\/demain-commence-aujourdhui\/\"]}]},{\"@type\":\"ImageObject\",\"inLanguage\":\"fr-FR\",\"@id\":\"https:\/\/helenecaruso.fr\/index.php\/product\/demain-commence-aujourdhui\/#primaryimage\",\"url\":\"https:\/\/i0.wp.com\/helenecaruso.fr\/wp-content\/uploads\/2021\/06\/demain-commence-aujourd-hui.jpg?fit=326%2C468&ssl=1\",\"contentUrl\":\"https:\/\/i0.wp.com\/helenecaruso.fr\/wp-content\/uploads\/2021\/06\/demain-commence-aujourd-hui.jpg?fit=326%2C468&ssl=1\",\"width\":326,\"height\":468},{\"@type\":\"BreadcrumbList\",\"@id\":\"https:\/\/helenecaruso.fr\/index.php\/product\/demain-commence-aujourdhui\/#breadcrumb\",\"itemListElement\":[{\"@type\":\"ListItem\",\"position\":1,\"name\":\"Home\",\"item\":\"https:\/\/helenecaruso.fr\/\"},{\"@type\":\"ListItem\",\"position\":2,\"name\":\"Boutique\",\"item\":\"https:\/\/helenecaruso.fr\/index.php\/boutique\/\"},{\"@type\":\"ListItem\",\"position\":3,\"name\":\"Demain commence aujourd&rsquo;hui\"}]},{\"@type\":\"WebSite\",\"@id\":\"https:\/\/helenecaruso.fr\/#website\",\"url\":\"https:\/\/helenecaruso.fr\/\",\"name\":\"Helene CARUSO Auteure\",\"description\":\"Helene CARUSO Auteure\",\"publisher\":{\"@id\":\"https:\/\/helenecaruso.fr\/#organization\"},\"potentialAction\":[{\"@type\":\"SearchAction\",\"target\":{\"@type\":\"EntryPoint\",\"urlTemplate\":\"https:\/\/helenecaruso.fr\/?s={search_term_string}\"},\"query-input\":{\"@type\":\"PropertyValueSpecification\",\"valueRequired\":true,\"valueName\":\"search_term_string\"}}],\"inLanguage\":\"fr-FR\"},{\"@type\":\"Organization\",\"@id\":\"https:\/\/helenecaruso.fr\/#organization\",\"name\":\"Helene Caruso Company\",\"url\":\"https:\/\/helenecaruso.fr\/\",\"logo\":{\"@type\":\"ImageObject\",\"inLanguage\":\"fr-FR\",\"@id\":\"https:\/\/helenecaruso.fr\/#\/schema\/logo\/image\/\",\"url\":\"https:\/\/helenecaruso.fr\/wp-content\/uploads\/2021\/05\/logo-rond.png\",\"contentUrl\":\"https:\/\/helenecaruso.fr\/wp-content\/uploads\/2021\/05\/logo-rond.png\",\"width\":1903,\"height\":1875,\"caption\":\"Helene Caruso Company\"},\"image\":{\"@id\":\"https:\/\/helenecaruso.fr\/#\/schema\/logo\/image\/\"},\"sameAs\":[\"https:\/\/www.facebook.com\/HeleneCarusoAuteur\/\",\"https:\/\/www.instagram.com\/helene_caruso_auteure\/\"]}]}<\/script>\n<!-- \/ Yoast SEO plugin. -->","yoast_head_json":{"title":"Demain commence aujourd'hui - Helene CARUSO Auteure","robots":{"index":"index","follow":"follow","max-snippet":"max-snippet:-1","max-image-preview":"max-image-preview:large","max-video-preview":"max-video-preview:-1"},"canonical":"https:\/\/helenecaruso.fr\/index.php\/product\/demain-commence-aujourdhui\/","og_locale":"fr_FR","og_type":"article","og_title":"Demain commence aujourd'hui - Helene CARUSO Auteure","og_description":"1er\u00a0Prix ''L'Encre et les Mots 2020'' du roman \u00e9rotique pour Demain commence aujourd'hui. D\u00e9cern\u00e9 lors du salon du livre de La Rochelle, le jury de ce salon \u00e9tait compos\u00e9 de professionnels du livre, libraires et biblioth\u00e9caires. Exclusivit\u00e9 Evidence Editions. &nbsp;","og_url":"https:\/\/helenecaruso.fr\/index.php\/product\/demain-commence-aujourdhui\/","og_site_name":"Helene CARUSO Auteure","article_publisher":"https:\/\/www.facebook.com\/HeleneCarusoAuteur\/","article_modified_time":"2021-08-10T13:26:12+00:00","og_image":[{"width":326,"height":468,"url":"https:\/\/i1.wp.com\/helenecaruso.fr\/wp-content\/uploads\/2021\/06\/demain-commence-aujourd-hui.jpg?fit=326%2C468&ssl=1","type":"image\/jpeg"}],"twitter_card":"summary_large_image","twitter_misc":{"Dur\u00e9e de lecture estim\u00e9e":"1 minute"},"schema":{"@context":"https:\/\/schema.org","@graph":[{"@type":"WebPage","@id":"https:\/\/helenecaruso.fr\/index.php\/product\/demain-commence-aujourdhui\/","url":"https:\/\/helenecaruso.fr\/index.php\/product\/demain-commence-aujourdhui\/","name":"Demain commence aujourd'hui - Helene CARUSO Auteure","isPartOf":{"@id":"https:\/\/helenecaruso.fr\/#website"},"primaryImageOfPage":{"@id":"https:\/\/helenecaruso.fr\/index.php\/product\/demain-commence-aujourdhui\/#primaryimage"},"image":{"@id":"https:\/\/helenecaruso.fr\/index.php\/product\/demain-commence-aujourdhui\/#primaryimage"},"thumbnailUrl":"https:\/\/i0.wp.com\/helenecaruso.fr\/wp-content\/uploads\/2021\/06\/demain-commence-aujourd-hui.jpg?fit=326%2C468&ssl=1","datePublished":"2021-06-23T12:48:27+00:00","dateModified":"2021-08-10T13:26:12+00:00","breadcrumb":{"@id":"https:\/\/helenecaruso.fr\/index.php\/product\/demain-commence-aujourdhui\/#breadcrumb"},"inLanguage":"fr-FR","potentialAction":[{"@type":"ReadAction","target":["https:\/\/helenecaruso.fr\/index.php\/product\/demain-commence-aujourdhui\/"]}]},{"@type":"ImageObject","inLanguage":"fr-FR","@id":"https:\/\/helenecaruso.fr\/index.php\/product\/demain-commence-aujourdhui\/#primaryimage","url":"https:\/\/i0.wp.com\/helenecaruso.fr\/wp-content\/uploads\/2021\/06\/demain-commence-aujourd-hui.jpg?fit=326%2C468&ssl=1","contentUrl":"https:\/\/i0.wp.com\/helenecaruso.fr\/wp-content\/uploads\/2021\/06\/demain-commence-aujourd-hui.jpg?fit=326%2C468&ssl=1","width":326,"height":468},{"@type":"BreadcrumbList","@id":"https:\/\/helenecaruso.fr\/index.php\/product\/demain-commence-aujourdhui\/#breadcrumb","itemListElement":[{"@type":"ListItem","position":1,"name":"Home","item":"https:\/\/helenecaruso.fr\/"},{"@type":"ListItem","position":2,"name":"Boutique","item":"https:\/\/helenecaruso.fr\/index.php\/boutique\/"},{"@type":"ListItem","position":3,"name":"Demain commence aujourd&rsquo;hui"}]},{"@type":"WebSite","@id":"https:\/\/helenecaruso.fr\/#website","url":"https:\/\/helenecaruso.fr\/","name":"Helene CARUSO Auteure","description":"Helene CARUSO Auteure","publisher":{"@id":"https:\/\/helenecaruso.fr\/#organization"},"potentialAction":[{"@type":"SearchAction","target":{"@type":"EntryPoint","urlTemplate":"https:\/\/helenecaruso.fr\/?s={search_term_string}"},"query-input":{"@type":"PropertyValueSpecification","valueRequired":true,"valueName":"search_term_string"}}],"inLanguage":"fr-FR"},{"@type":"Organization","@id":"https:\/\/helenecaruso.fr\/#organization","name":"Helene Caruso Company","url":"https:\/\/helenecaruso.fr\/","logo":{"@type":"ImageObject","inLanguage":"fr-FR","@id":"https:\/\/helenecaruso.fr\/#\/schema\/logo\/image\/","url":"https:\/\/helenecaruso.fr\/wp-content\/uploads\/2021\/05\/logo-rond.png","contentUrl":"https:\/\/helenecaruso.fr\/wp-content\/uploads\/2021\/05\/logo-rond.png","width":1903,"height":1875,"caption":"Helene Caruso Company"},"image":{"@id":"https:\/\/helenecaruso.fr\/#\/schema\/logo\/image\/"},"sameAs":["https:\/\/www.facebook.com\/HeleneCarusoAuteur\/","https:\/\/www.instagram.com\/helene_caruso_auteure\/"]}]}},"jetpack_sharing_enabled":true,"_links":{"self":[{"href":"https:\/\/helenecaruso.fr\/index.php\/wp-json\/wp\/v2\/product\/754"}],"collection":[{"href":"https:\/\/helenecaruso.fr\/index.php\/wp-json\/wp\/v2\/product"}],"about":[{"href":"https:\/\/helenecaruso.fr\/index.php\/wp-json\/wp\/v2\/types\/product"}],"replies":[{"embeddable":true,"href":"https:\/\/helenecaruso.fr\/index.php\/wp-json\/wp\/v2\/comments?post=754"}],"version-history":[{"count":6,"href":"https:\/\/helenecaruso.fr\/index.php\/wp-json\/wp\/v2\/product\/754\/revisions"}],"predecessor-version":[{"id":1193,"href":"https:\/\/helenecaruso.fr\/index.php\/wp-json\/wp\/v2\/product\/754\/revisions\/1193"}],"wp:featuredmedia":[{"embeddable":true,"href":"https:\/\/helenecaruso.fr\/index.php\/wp-json\/wp\/v2\/media\/1271"}],"wp:attachment":[{"href":"https:\/\/helenecaruso.fr\/index.php\/wp-json\/wp\/v2\/media?parent=754"}],"wp:term":[{"taxonomy":"product_cat","embeddable":true,"href":"https:\/\/helenecaruso.fr\/index.php\/wp-json\/wp\/v2\/product_cat?post=754"},{"taxonomy":"product_tag","embeddable":true,"href":"https:\/\/helenecaruso.fr\/index.php\/wp-json\/wp\/v2\/product_tag?post=754"}],"curies":[{"name":"wp","href":"https:\/\/api.w.org\/{rel}","templated":true}]}}